{"id":1495,"date":"2024-04-17T17:23:14","date_gmt":"2024-04-17T17:23:14","guid":{"rendered":"https:\/\/tecnicentrosanborja.com\/?post_type=product&#038;p=1495"},"modified":"2024-04-17T17:23:14","modified_gmt":"2024-04-17T17:23:14","slug":"limpia-lavadoras-dr-beckmann","status":"publish","type":"product","link":"https:\/\/tecnicentrosanborja.com\/index.php\/producto\/limpia-lavadoras-dr-beckmann\/","title":{"rendered":"LIMPIA LAVADORAS DR. BECKMANN"},"content":{"rendered":"<p>Limpia Lavadoras, restaura y mantiene el buen funcionamiento de su m\u00e1quina para ayudarle a evitar costosas reparaciones.<\/p>\n<p>INSTRUCCIONES DE USO:<br \/>\n1.- Desmonte el compartimento del detergente y deje remojar durante 30 minutos en 50ml de producto con 4 litros de agua. Enjuague con agua y coloque en la lavadora.<\/p>\n<p>2.- Coloque un poco de producto en un trapo y limpie la goma de la puerta de carga, d\u00e9jelo actuar un rato y enju\u00e1guelo con un trapo h\u00famedo.<\/p>\n<p>3.- Vierta todo el resto del contenido del frasco en el compartimento para lavado principal (detergente) de la lavadora. Inicie el ciclo de lavado principal (m\u00ednimo 60 \u00baC) sin ropa, sin detergente y sin ciclo prelavado.<\/p>\n","protected":false},"excerpt":{"rendered":"<p><strong>LIMPIA LAVADORAS DR. BECKMANN<\/strong><\/p>\n","protected":false},"featured_media":1496,"comment_status":"open","ping_status":"closed","template":"","meta":[],"product_cat":[51],"product_tag":[],"yoast_head":"<!-- This site is optimized with the Yoast SEO plugin v24.5 - https:\/\/yoast.com\/wordpress\/plugins\/seo\/ -->\n<title>LIMPIA LAVADORAS DR. BECKMANN &#187; SERVICIO T\u00c9CNICO BOSCH<\/title>\n<meta name=\"description\" content=\"Limpia Lavadoras, restaura y mantiene el buen funcionamiento de su m\u00e1quina para ayudarle a evitar costosas reparaciones.\" \/>\n<meta name=\"robots\" content=\"index, follow, max-snippet:-1, max-image-preview:large, max-video-preview:-1\" \/>\n<link rel=\"canonical\" href=\"https:\/\/tecnicentrosanborja.com\/index.php\/producto\/limpia-lavadoras-dr-beckmann\/\" \/>\n<meta property=\"og:locale\" content=\"es_ES\" \/>\n<meta property=\"og:type\" content=\"article\" \/>\n<meta property=\"og:title\" content=\"LIMPIA LAVADORAS DR. BECKMANN &#187; SERVICIO T\u00c9CNICO BOSCH\" \/>\n<meta property=\"og:description\" content=\"Limpia Lavadoras, restaura y mantiene el buen funcionamiento de su m\u00e1quina para ayudarle a evitar costosas reparaciones.\" \/>\n<meta property=\"og:url\" content=\"https:\/\/tecnicentrosanborja.com\/index.php\/producto\/limpia-lavadoras-dr-beckmann\/\" \/>\n<meta property=\"og:site_name\" content=\"SERVICIO T\u00c9CNICO BOSCH\" \/>\n<meta property=\"article:publisher\" content=\"https:\/\/www.facebook.com\/people\/Tecnicentro-San-Borja\/100063557529608\/\" \/>\n<meta property=\"og:image\" content=\"https:\/\/tecnicentrosanborja.com\/wp-content\/uploads\/2024\/04\/Limpia-Lavadoras-Dr-Beckmann.png\" \/>\n\t<meta property=\"og:image:width\" content=\"606\" \/>\n\t<meta property=\"og:image:height\" content=\"601\" \/>\n\t<meta property=\"og:image:type\" content=\"image\/png\" \/>\n<meta name=\"twitter:card\" content=\"summary_large_image\" \/>\n<meta name=\"twitter:label1\" content=\"Tiempo de lectura\" \/>\n\t<meta name=\"twitter:data1\" content=\"1 minuto\" \/>\n<script type=\"application\/ld+json\" class=\"yoast-schema-graph\">{\"@context\":\"https:\/\/schema.org\",\"@graph\":[{\"@type\":\"WebPage\",\"@id\":\"https:\/\/tecnicentrosanborja.com\/index.php\/producto\/limpia-lavadoras-dr-beckmann\/\",\"url\":\"https:\/\/tecnicentrosanborja.com\/index.php\/producto\/limpia-lavadoras-dr-beckmann\/\",\"name\":\"LIMPIA LAVADORAS DR. BECKMANN &#187; SERVICIO T\u00c9CNICO BOSCH\",\"isPartOf\":{\"@id\":\"https:\/\/tecnicentrosanborja.com\/#website\"},\"primaryImageOfPage\":{\"@id\":\"https:\/\/tecnicentrosanborja.com\/index.php\/producto\/limpia-lavadoras-dr-beckmann\/#primaryimage\"},\"image\":{\"@id\":\"https:\/\/tecnicentrosanborja.com\/index.php\/producto\/limpia-lavadoras-dr-beckmann\/#primaryimage\"},\"thumbnailUrl\":\"https:\/\/tecnicentrosanborja.com\/wp-content\/uploads\/2024\/04\/Limpia-Lavadoras-Dr-Beckmann.png\",\"datePublished\":\"2024-04-17T17:23:14+00:00\",\"description\":\"Limpia Lavadoras, restaura y mantiene el buen funcionamiento de su m\u00e1quina para ayudarle a evitar costosas reparaciones.\",\"breadcrumb\":{\"@id\":\"https:\/\/tecnicentrosanborja.com\/index.php\/producto\/limpia-lavadoras-dr-beckmann\/#breadcrumb\"},\"inLanguage\":\"es\",\"potentialAction\":[{\"@type\":\"ReadAction\",\"target\":[\"https:\/\/tecnicentrosanborja.com\/index.php\/producto\/limpia-lavadoras-dr-beckmann\/\"]}]},{\"@type\":\"ImageObject\",\"inLanguage\":\"es\",\"@id\":\"https:\/\/tecnicentrosanborja.com\/index.php\/producto\/limpia-lavadoras-dr-beckmann\/#primaryimage\",\"url\":\"https:\/\/tecnicentrosanborja.com\/wp-content\/uploads\/2024\/04\/Limpia-Lavadoras-Dr-Beckmann.png\",\"contentUrl\":\"https:\/\/tecnicentrosanborja.com\/wp-content\/uploads\/2024\/04\/Limpia-Lavadoras-Dr-Beckmann.png\",\"width\":606,\"height\":601},{\"@type\":\"BreadcrumbList\",\"@id\":\"https:\/\/tecnicentrosanborja.com\/index.php\/producto\/limpia-lavadoras-dr-beckmann\/#breadcrumb\",\"itemListElement\":[{\"@type\":\"ListItem\",\"position\":1,\"name\":\"Portada\",\"item\":\"https:\/\/tecnicentrosanborja.com\/\"},{\"@type\":\"ListItem\",\"position\":2,\"name\":\"Tienda\",\"item\":\"https:\/\/tecnicentrosanborja.com\/index.php\/tienda\/\"},{\"@type\":\"ListItem\",\"position\":3,\"name\":\"LIMPIA LAVADORAS DR. BECKMANN\"}]},{\"@type\":\"WebSite\",\"@id\":\"https:\/\/tecnicentrosanborja.com\/#website\",\"url\":\"https:\/\/tecnicentrosanborja.com\/\",\"name\":\"SERVICIO T\u00c9CNICO BOSCH\",\"description\":\"SERVICIO T\u00c9CNICO BOSCH\",\"publisher\":{\"@id\":\"https:\/\/tecnicentrosanborja.com\/#organization\"},\"alternateName\":\"BOSCH\",\"potentialAction\":[{\"@type\":\"SearchAction\",\"target\":{\"@type\":\"EntryPoint\",\"urlTemplate\":\"https:\/\/tecnicentrosanborja.com\/?s={search_term_string}\"},\"query-input\":{\"@type\":\"PropertyValueSpecification\",\"valueRequired\":true,\"valueName\":\"search_term_string\"}}],\"inLanguage\":\"es\"},{\"@type\":\"Organization\",\"@id\":\"https:\/\/tecnicentrosanborja.com\/#organization\",\"name\":\"SERVICIO T\u00c9CNICO BOSCH\",\"alternateName\":\"BOSCH\",\"url\":\"https:\/\/tecnicentrosanborja.com\/\",\"logo\":{\"@type\":\"ImageObject\",\"inLanguage\":\"es\",\"@id\":\"https:\/\/tecnicentrosanborja.com\/#\/schema\/logo\/image\/\",\"url\":\"https:\/\/tecnicentrosanborja.com\/wp-content\/uploads\/2020\/06\/cropped-Tecnicentro-San-Borja-Logotipo.png\",\"contentUrl\":\"https:\/\/tecnicentrosanborja.com\/wp-content\/uploads\/2020\/06\/cropped-Tecnicentro-San-Borja-Logotipo.png\",\"width\":729,\"height\":189,\"caption\":\"SERVICIO T\u00c9CNICO BOSCH\"},\"image\":{\"@id\":\"https:\/\/tecnicentrosanborja.com\/#\/schema\/logo\/image\/\"},\"sameAs\":[\"https:\/\/www.facebook.com\/people\/Tecnicentro-San-Borja\/100063557529608\/\"]}]}<\/script>\n<!-- \/ Yoast SEO plugin. -->","yoast_head_json":{"title":"LIMPIA LAVADORAS DR. BECKMANN &#187; SERVICIO T\u00c9CNICO BOSCH","description":"Limpia Lavadoras, restaura y mantiene el buen funcionamiento de su m\u00e1quina para ayudarle a evitar costosas reparaciones.","robots":{"index":"index","follow":"follow","max-snippet":"max-snippet:-1","max-image-preview":"max-image-preview:large","max-video-preview":"max-video-preview:-1"},"canonical":"https:\/\/tecnicentrosanborja.com\/index.php\/producto\/limpia-lavadoras-dr-beckmann\/","og_locale":"es_ES","og_type":"article","og_title":"LIMPIA LAVADORAS DR. BECKMANN &#187; SERVICIO T\u00c9CNICO BOSCH","og_description":"Limpia Lavadoras, restaura y mantiene el buen funcionamiento de su m\u00e1quina para ayudarle a evitar costosas reparaciones.","og_url":"https:\/\/tecnicentrosanborja.com\/index.php\/producto\/limpia-lavadoras-dr-beckmann\/","og_site_name":"SERVICIO T\u00c9CNICO BOSCH","article_publisher":"https:\/\/www.facebook.com\/people\/Tecnicentro-San-Borja\/100063557529608\/","og_image":[{"width":606,"height":601,"url":"https:\/\/tecnicentrosanborja.com\/wp-content\/uploads\/2024\/04\/Limpia-Lavadoras-Dr-Beckmann.png","type":"image\/png"}],"twitter_card":"summary_large_image","twitter_misc":{"Tiempo de lectura":"1 minuto"},"schema":{"@context":"https:\/\/schema.org","@graph":[{"@type":"WebPage","@id":"https:\/\/tecnicentrosanborja.com\/index.php\/producto\/limpia-lavadoras-dr-beckmann\/","url":"https:\/\/tecnicentrosanborja.com\/index.php\/producto\/limpia-lavadoras-dr-beckmann\/","name":"LIMPIA LAVADORAS DR. BECKMANN &#187; SERVICIO T\u00c9CNICO BOSCH","isPartOf":{"@id":"https:\/\/tecnicentrosanborja.com\/#website"},"primaryImageOfPage":{"@id":"https:\/\/tecnicentrosanborja.com\/index.php\/producto\/limpia-lavadoras-dr-beckmann\/#primaryimage"},"image":{"@id":"https:\/\/tecnicentrosanborja.com\/index.php\/producto\/limpia-lavadoras-dr-beckmann\/#primaryimage"},"thumbnailUrl":"https:\/\/tecnicentrosanborja.com\/wp-content\/uploads\/2024\/04\/Limpia-Lavadoras-Dr-Beckmann.png","datePublished":"2024-04-17T17:23:14+00:00","description":"Limpia Lavadoras, restaura y mantiene el buen funcionamiento de su m\u00e1quina para ayudarle a evitar costosas reparaciones.","breadcrumb":{"@id":"https:\/\/tecnicentrosanborja.com\/index.php\/producto\/limpia-lavadoras-dr-beckmann\/#breadcrumb"},"inLanguage":"es","potentialAction":[{"@type":"ReadAction","target":["https:\/\/tecnicentrosanborja.com\/index.php\/producto\/limpia-lavadoras-dr-beckmann\/"]}]},{"@type":"ImageObject","inLanguage":"es","@id":"https:\/\/tecnicentrosanborja.com\/index.php\/producto\/limpia-lavadoras-dr-beckmann\/#primaryimage","url":"https:\/\/tecnicentrosanborja.com\/wp-content\/uploads\/2024\/04\/Limpia-Lavadoras-Dr-Beckmann.png","contentUrl":"https:\/\/tecnicentrosanborja.com\/wp-content\/uploads\/2024\/04\/Limpia-Lavadoras-Dr-Beckmann.png","width":606,"height":601},{"@type":"BreadcrumbList","@id":"https:\/\/tecnicentrosanborja.com\/index.php\/producto\/limpia-lavadoras-dr-beckmann\/#breadcrumb","itemListElement":[{"@type":"ListItem","position":1,"name":"Portada","item":"https:\/\/tecnicentrosanborja.com\/"},{"@type":"ListItem","position":2,"name":"Tienda","item":"https:\/\/tecnicentrosanborja.com\/index.php\/tienda\/"},{"@type":"ListItem","position":3,"name":"LIMPIA LAVADORAS DR. BECKMANN"}]},{"@type":"WebSite","@id":"https:\/\/tecnicentrosanborja.com\/#website","url":"https:\/\/tecnicentrosanborja.com\/","name":"SERVICIO T\u00c9CNICO BOSCH","description":"SERVICIO T\u00c9CNICO BOSCH","publisher":{"@id":"https:\/\/tecnicentrosanborja.com\/#organization"},"alternateName":"BOSCH","potentialAction":[{"@type":"SearchAction","target":{"@type":"EntryPoint","urlTemplate":"https:\/\/tecnicentrosanborja.com\/?s={search_term_string}"},"query-input":{"@type":"PropertyValueSpecification","valueRequired":true,"valueName":"search_term_string"}}],"inLanguage":"es"},{"@type":"Organization","@id":"https:\/\/tecnicentrosanborja.com\/#organization","name":"SERVICIO T\u00c9CNICO BOSCH","alternateName":"BOSCH","url":"https:\/\/tecnicentrosanborja.com\/","logo":{"@type":"ImageObject","inLanguage":"es","@id":"https:\/\/tecnicentrosanborja.com\/#\/schema\/logo\/image\/","url":"https:\/\/tecnicentrosanborja.com\/wp-content\/uploads\/2020\/06\/cropped-Tecnicentro-San-Borja-Logotipo.png","contentUrl":"https:\/\/tecnicentrosanborja.com\/wp-content\/uploads\/2020\/06\/cropped-Tecnicentro-San-Borja-Logotipo.png","width":729,"height":189,"caption":"SERVICIO T\u00c9CNICO BOSCH"},"image":{"@id":"https:\/\/tecnicentrosanborja.com\/#\/schema\/logo\/image\/"},"sameAs":["https:\/\/www.facebook.com\/people\/Tecnicentro-San-Borja\/100063557529608\/"]}]}},"_links":{"self":[{"href":"https:\/\/tecnicentrosanborja.com\/index.php\/wp-json\/wp\/v2\/product\/1495"}],"collection":[{"href":"https:\/\/tecnicentrosanborja.com\/index.php\/wp-json\/wp\/v2\/product"}],"about":[{"href":"https:\/\/tecnicentrosanborja.com\/index.php\/wp-json\/wp\/v2\/types\/product"}],"replies":[{"embeddable":true,"href":"https:\/\/tecnicentrosanborja.com\/index.php\/wp-json\/wp\/v2\/comments?post=1495"}],"wp:featuredmedia":[{"embeddable":true,"href":"https:\/\/tecnicentrosanborja.com\/index.php\/wp-json\/wp\/v2\/media\/1496"}],"wp:attachment":[{"href":"https:\/\/tecnicentrosanborja.com\/index.php\/wp-json\/wp\/v2\/media?parent=1495"}],"wp:term":[{"taxonomy":"product_cat","embeddable":true,"href":"https:\/\/tecnicentrosanborja.com\/index.php\/wp-json\/wp\/v2\/product_cat?post=1495"},{"taxonomy":"product_tag","embeddable":true,"href":"https:\/\/tecnicentrosanborja.com\/index.php\/wp-json\/wp\/v2\/product_tag?post=1495"}],"curies":[{"name":"wp","href":"https:\/\/api.w.org\/{rel}","templated":true}]}}