{"id":1491,"date":"2024-04-17T17:05:19","date_gmt":"2024-04-17T17:05:19","guid":{"rendered":"https:\/\/tecnicentrosanborja.com\/?post_type=product&#038;p=1491"},"modified":"2024-04-17T17:06:34","modified_gmt":"2024-04-17T17:06:34","slug":"desodorante-para-refrigerador-de-dr-beckmann-con-extractos-naturales-de-limon","status":"publish","type":"product","link":"https:\/\/tecnicentrosanborja.com\/index.php\/producto\/desodorante-para-refrigerador-de-dr-beckmann-con-extractos-naturales-de-limon\/","title":{"rendered":"Desodorante para Refrigerador de Dr. Beckmann con Extractos Naturales de Lim\u00f3n"},"content":{"rendered":"<p>Con bicarbonato de sodio extra fino absorbe y encierra todos los olores intensos de los refrigeradores, como los de pescado, queso, cebolla, etc. La f\u00f3rmula en gel natural es inodora y ayuda a mantener el sabor y aroma originales de los alimentos. Gracias a su forma y tama\u00f1o peque\u00f1o, el producto puede ser almacenado en el compartimiento del huevo. Comprobar el agotamiento del producto es simple, basta con mirar el indicador en la parte inferior del huevo. El producto neutraliza todos los olores durante 2 meses.<\/p>\n","protected":false},"excerpt":{"rendered":"<p>Desodorante para Refrigerador de Dr. Beckmann con Extractos Naturales de Lim\u00f3n. Es inodora y ayuda a mantener el sabor y aroma originales de los alimentos. Gracias a su forma y tama\u00f1o peque\u00f1o, el producto puede ser almacenado en el compartimiento del huevo.<\/p>\n","protected":false},"featured_media":1492,"comment_status":"open","ping_status":"closed","template":"","meta":[],"product_cat":[68],"product_tag":[],"yoast_head":"<!-- This site is optimized with the Yoast SEO plugin v24.5 - https:\/\/yoast.com\/wordpress\/plugins\/seo\/ -->\n<title>Desodorante para Refrigerador de Dr. Beckmann con Extractos Naturales de Lim\u00f3n &#187; SERVICIO T\u00c9CNICO BOSCH<\/title>\n<meta name=\"description\" content=\"Es inodora y ayuda a mantener el sabor y aroma originales de los alimentos. Puede ser almacenado en el compartimiento del huevo.\" \/>\n<meta name=\"robots\" content=\"index, follow, max-snippet:-1, max-image-preview:large, max-video-preview:-1\" \/>\n<link rel=\"canonical\" href=\"https:\/\/tecnicentrosanborja.com\/index.php\/producto\/desodorante-para-refrigerador-de-dr-beckmann-con-extractos-naturales-de-limon\/\" \/>\n<meta property=\"og:locale\" content=\"es_ES\" \/>\n<meta property=\"og:type\" content=\"article\" \/>\n<meta property=\"og:title\" content=\"Desodorante para Refrigerador de Dr. Beckmann con Extractos Naturales de Lim\u00f3n &#187; SERVICIO T\u00c9CNICO BOSCH\" \/>\n<meta property=\"og:description\" content=\"Es inodora y ayuda a mantener el sabor y aroma originales de los alimentos. Puede ser almacenado en el compartimiento del huevo.\" \/>\n<meta property=\"og:url\" content=\"https:\/\/tecnicentrosanborja.com\/index.php\/producto\/desodorante-para-refrigerador-de-dr-beckmann-con-extractos-naturales-de-limon\/\" \/>\n<meta property=\"og:site_name\" content=\"SERVICIO T\u00c9CNICO BOSCH\" \/>\n<meta property=\"article:publisher\" content=\"https:\/\/www.facebook.com\/people\/Tecnicentro-San-Borja\/100063557529608\/\" \/>\n<meta property=\"article:modified_time\" content=\"2024-04-17T17:06:34+00:00\" \/>\n<meta property=\"og:image\" content=\"https:\/\/tecnicentrosanborja.com\/wp-content\/uploads\/2024\/04\/Desodorante-para-Refrigerador-de-Dr.-Beckmann.png\" \/>\n\t<meta property=\"og:image:width\" content=\"606\" \/>\n\t<meta property=\"og:image:height\" content=\"601\" \/>\n\t<meta property=\"og:image:type\" content=\"image\/png\" \/>\n<meta name=\"twitter:card\" content=\"summary_large_image\" \/>\n<meta name=\"twitter:label1\" content=\"Tiempo de lectura\" \/>\n\t<meta name=\"twitter:data1\" content=\"1 minuto\" \/>\n<script type=\"application\/ld+json\" class=\"yoast-schema-graph\">{\"@context\":\"https:\/\/schema.org\",\"@graph\":[{\"@type\":\"WebPage\",\"@id\":\"https:\/\/tecnicentrosanborja.com\/index.php\/producto\/desodorante-para-refrigerador-de-dr-beckmann-con-extractos-naturales-de-limon\/\",\"url\":\"https:\/\/tecnicentrosanborja.com\/index.php\/producto\/desodorante-para-refrigerador-de-dr-beckmann-con-extractos-naturales-de-limon\/\",\"name\":\"Desodorante para Refrigerador de Dr. Beckmann con Extractos Naturales de Lim\u00f3n &#187; SERVICIO T\u00c9CNICO BOSCH\",\"isPartOf\":{\"@id\":\"https:\/\/tecnicentrosanborja.com\/#website\"},\"primaryImageOfPage\":{\"@id\":\"https:\/\/tecnicentrosanborja.com\/index.php\/producto\/desodorante-para-refrigerador-de-dr-beckmann-con-extractos-naturales-de-limon\/#primaryimage\"},\"image\":{\"@id\":\"https:\/\/tecnicentrosanborja.com\/index.php\/producto\/desodorante-para-refrigerador-de-dr-beckmann-con-extractos-naturales-de-limon\/#primaryimage\"},\"thumbnailUrl\":\"https:\/\/tecnicentrosanborja.com\/wp-content\/uploads\/2024\/04\/Desodorante-para-Refrigerador-de-Dr.-Beckmann.png\",\"datePublished\":\"2024-04-17T17:05:19+00:00\",\"dateModified\":\"2024-04-17T17:06:34+00:00\",\"description\":\"Es inodora y ayuda a mantener el sabor y aroma originales de los alimentos. Puede ser almacenado en el compartimiento del huevo.\",\"breadcrumb\":{\"@id\":\"https:\/\/tecnicentrosanborja.com\/index.php\/producto\/desodorante-para-refrigerador-de-dr-beckmann-con-extractos-naturales-de-limon\/#breadcrumb\"},\"inLanguage\":\"es\",\"potentialAction\":[{\"@type\":\"ReadAction\",\"target\":[\"https:\/\/tecnicentrosanborja.com\/index.php\/producto\/desodorante-para-refrigerador-de-dr-beckmann-con-extractos-naturales-de-limon\/\"]}]},{\"@type\":\"ImageObject\",\"inLanguage\":\"es\",\"@id\":\"https:\/\/tecnicentrosanborja.com\/index.php\/producto\/desodorante-para-refrigerador-de-dr-beckmann-con-extractos-naturales-de-limon\/#primaryimage\",\"url\":\"https:\/\/tecnicentrosanborja.com\/wp-content\/uploads\/2024\/04\/Desodorante-para-Refrigerador-de-Dr.-Beckmann.png\",\"contentUrl\":\"https:\/\/tecnicentrosanborja.com\/wp-content\/uploads\/2024\/04\/Desodorante-para-Refrigerador-de-Dr.-Beckmann.png\",\"width\":606,\"height\":601},{\"@type\":\"BreadcrumbList\",\"@id\":\"https:\/\/tecnicentrosanborja.com\/index.php\/producto\/desodorante-para-refrigerador-de-dr-beckmann-con-extractos-naturales-de-limon\/#breadcrumb\",\"itemListElement\":[{\"@type\":\"ListItem\",\"position\":1,\"name\":\"Portada\",\"item\":\"https:\/\/tecnicentrosanborja.com\/\"},{\"@type\":\"ListItem\",\"position\":2,\"name\":\"Tienda\",\"item\":\"https:\/\/tecnicentrosanborja.com\/index.php\/tienda\/\"},{\"@type\":\"ListItem\",\"position\":3,\"name\":\"Desodorante para Refrigerador de Dr. Beckmann con Extractos Naturales de Lim\u00f3n\"}]},{\"@type\":\"WebSite\",\"@id\":\"https:\/\/tecnicentrosanborja.com\/#website\",\"url\":\"https:\/\/tecnicentrosanborja.com\/\",\"name\":\"SERVICIO T\u00c9CNICO BOSCH\",\"description\":\"SERVICIO T\u00c9CNICO BOSCH\",\"publisher\":{\"@id\":\"https:\/\/tecnicentrosanborja.com\/#organization\"},\"alternateName\":\"BOSCH\",\"potentialAction\":[{\"@type\":\"SearchAction\",\"target\":{\"@type\":\"EntryPoint\",\"urlTemplate\":\"https:\/\/tecnicentrosanborja.com\/?s={search_term_string}\"},\"query-input\":{\"@type\":\"PropertyValueSpecification\",\"valueRequired\":true,\"valueName\":\"search_term_string\"}}],\"inLanguage\":\"es\"},{\"@type\":\"Organization\",\"@id\":\"https:\/\/tecnicentrosanborja.com\/#organization\",\"name\":\"SERVICIO T\u00c9CNICO BOSCH\",\"alternateName\":\"BOSCH\",\"url\":\"https:\/\/tecnicentrosanborja.com\/\",\"logo\":{\"@type\":\"ImageObject\",\"inLanguage\":\"es\",\"@id\":\"https:\/\/tecnicentrosanborja.com\/#\/schema\/logo\/image\/\",\"url\":\"https:\/\/tecnicentrosanborja.com\/wp-content\/uploads\/2020\/06\/cropped-Tecnicentro-San-Borja-Logotipo.png\",\"contentUrl\":\"https:\/\/tecnicentrosanborja.com\/wp-content\/uploads\/2020\/06\/cropped-Tecnicentro-San-Borja-Logotipo.png\",\"width\":729,\"height\":189,\"caption\":\"SERVICIO T\u00c9CNICO BOSCH\"},\"image\":{\"@id\":\"https:\/\/tecnicentrosanborja.com\/#\/schema\/logo\/image\/\"},\"sameAs\":[\"https:\/\/www.facebook.com\/people\/Tecnicentro-San-Borja\/100063557529608\/\"]}]}<\/script>\n<!-- \/ Yoast SEO plugin. -->","yoast_head_json":{"title":"Desodorante para Refrigerador de Dr. Beckmann con Extractos Naturales de Lim\u00f3n &#187; SERVICIO T\u00c9CNICO BOSCH","description":"Es inodora y ayuda a mantener el sabor y aroma originales de los alimentos. Puede ser almacenado en el compartimiento del huevo.","robots":{"index":"index","follow":"follow","max-snippet":"max-snippet:-1","max-image-preview":"max-image-preview:large","max-video-preview":"max-video-preview:-1"},"canonical":"https:\/\/tecnicentrosanborja.com\/index.php\/producto\/desodorante-para-refrigerador-de-dr-beckmann-con-extractos-naturales-de-limon\/","og_locale":"es_ES","og_type":"article","og_title":"Desodorante para Refrigerador de Dr. Beckmann con Extractos Naturales de Lim\u00f3n &#187; SERVICIO T\u00c9CNICO BOSCH","og_description":"Es inodora y ayuda a mantener el sabor y aroma originales de los alimentos. Puede ser almacenado en el compartimiento del huevo.","og_url":"https:\/\/tecnicentrosanborja.com\/index.php\/producto\/desodorante-para-refrigerador-de-dr-beckmann-con-extractos-naturales-de-limon\/","og_site_name":"SERVICIO T\u00c9CNICO BOSCH","article_publisher":"https:\/\/www.facebook.com\/people\/Tecnicentro-San-Borja\/100063557529608\/","article_modified_time":"2024-04-17T17:06:34+00:00","og_image":[{"width":606,"height":601,"url":"https:\/\/tecnicentrosanborja.com\/wp-content\/uploads\/2024\/04\/Desodorante-para-Refrigerador-de-Dr.-Beckmann.png","type":"image\/png"}],"twitter_card":"summary_large_image","twitter_misc":{"Tiempo de lectura":"1 minuto"},"schema":{"@context":"https:\/\/schema.org","@graph":[{"@type":"WebPage","@id":"https:\/\/tecnicentrosanborja.com\/index.php\/producto\/desodorante-para-refrigerador-de-dr-beckmann-con-extractos-naturales-de-limon\/","url":"https:\/\/tecnicentrosanborja.com\/index.php\/producto\/desodorante-para-refrigerador-de-dr-beckmann-con-extractos-naturales-de-limon\/","name":"Desodorante para Refrigerador de Dr. Beckmann con Extractos Naturales de Lim\u00f3n &#187; SERVICIO T\u00c9CNICO BOSCH","isPartOf":{"@id":"https:\/\/tecnicentrosanborja.com\/#website"},"primaryImageOfPage":{"@id":"https:\/\/tecnicentrosanborja.com\/index.php\/producto\/desodorante-para-refrigerador-de-dr-beckmann-con-extractos-naturales-de-limon\/#primaryimage"},"image":{"@id":"https:\/\/tecnicentrosanborja.com\/index.php\/producto\/desodorante-para-refrigerador-de-dr-beckmann-con-extractos-naturales-de-limon\/#primaryimage"},"thumbnailUrl":"https:\/\/tecnicentrosanborja.com\/wp-content\/uploads\/2024\/04\/Desodorante-para-Refrigerador-de-Dr.-Beckmann.png","datePublished":"2024-04-17T17:05:19+00:00","dateModified":"2024-04-17T17:06:34+00:00","description":"Es inodora y ayuda a mantener el sabor y aroma originales de los alimentos. Puede ser almacenado en el compartimiento del huevo.","breadcrumb":{"@id":"https:\/\/tecnicentrosanborja.com\/index.php\/producto\/desodorante-para-refrigerador-de-dr-beckmann-con-extractos-naturales-de-limon\/#breadcrumb"},"inLanguage":"es","potentialAction":[{"@type":"ReadAction","target":["https:\/\/tecnicentrosanborja.com\/index.php\/producto\/desodorante-para-refrigerador-de-dr-beckmann-con-extractos-naturales-de-limon\/"]}]},{"@type":"ImageObject","inLanguage":"es","@id":"https:\/\/tecnicentrosanborja.com\/index.php\/producto\/desodorante-para-refrigerador-de-dr-beckmann-con-extractos-naturales-de-limon\/#primaryimage","url":"https:\/\/tecnicentrosanborja.com\/wp-content\/uploads\/2024\/04\/Desodorante-para-Refrigerador-de-Dr.-Beckmann.png","contentUrl":"https:\/\/tecnicentrosanborja.com\/wp-content\/uploads\/2024\/04\/Desodorante-para-Refrigerador-de-Dr.-Beckmann.png","width":606,"height":601},{"@type":"BreadcrumbList","@id":"https:\/\/tecnicentrosanborja.com\/index.php\/producto\/desodorante-para-refrigerador-de-dr-beckmann-con-extractos-naturales-de-limon\/#breadcrumb","itemListElement":[{"@type":"ListItem","position":1,"name":"Portada","item":"https:\/\/tecnicentrosanborja.com\/"},{"@type":"ListItem","position":2,"name":"Tienda","item":"https:\/\/tecnicentrosanborja.com\/index.php\/tienda\/"},{"@type":"ListItem","position":3,"name":"Desodorante para Refrigerador de Dr. Beckmann con Extractos Naturales de Lim\u00f3n"}]},{"@type":"WebSite","@id":"https:\/\/tecnicentrosanborja.com\/#website","url":"https:\/\/tecnicentrosanborja.com\/","name":"SERVICIO T\u00c9CNICO BOSCH","description":"SERVICIO T\u00c9CNICO BOSCH","publisher":{"@id":"https:\/\/tecnicentrosanborja.com\/#organization"},"alternateName":"BOSCH","potentialAction":[{"@type":"SearchAction","target":{"@type":"EntryPoint","urlTemplate":"https:\/\/tecnicentrosanborja.com\/?s={search_term_string}"},"query-input":{"@type":"PropertyValueSpecification","valueRequired":true,"valueName":"search_term_string"}}],"inLanguage":"es"},{"@type":"Organization","@id":"https:\/\/tecnicentrosanborja.com\/#organization","name":"SERVICIO T\u00c9CNICO BOSCH","alternateName":"BOSCH","url":"https:\/\/tecnicentrosanborja.com\/","logo":{"@type":"ImageObject","inLanguage":"es","@id":"https:\/\/tecnicentrosanborja.com\/#\/schema\/logo\/image\/","url":"https:\/\/tecnicentrosanborja.com\/wp-content\/uploads\/2020\/06\/cropped-Tecnicentro-San-Borja-Logotipo.png","contentUrl":"https:\/\/tecnicentrosanborja.com\/wp-content\/uploads\/2020\/06\/cropped-Tecnicentro-San-Borja-Logotipo.png","width":729,"height":189,"caption":"SERVICIO T\u00c9CNICO BOSCH"},"image":{"@id":"https:\/\/tecnicentrosanborja.com\/#\/schema\/logo\/image\/"},"sameAs":["https:\/\/www.facebook.com\/people\/Tecnicentro-San-Borja\/100063557529608\/"]}]}},"_links":{"self":[{"href":"https:\/\/tecnicentrosanborja.com\/index.php\/wp-json\/wp\/v2\/product\/1491"}],"collection":[{"href":"https:\/\/tecnicentrosanborja.com\/index.php\/wp-json\/wp\/v2\/product"}],"about":[{"href":"https:\/\/tecnicentrosanborja.com\/index.php\/wp-json\/wp\/v2\/types\/product"}],"replies":[{"embeddable":true,"href":"https:\/\/tecnicentrosanborja.com\/index.php\/wp-json\/wp\/v2\/comments?post=1491"}],"wp:featuredmedia":[{"embeddable":true,"href":"https:\/\/tecnicentrosanborja.com\/index.php\/wp-json\/wp\/v2\/media\/1492"}],"wp:attachment":[{"href":"https:\/\/tecnicentrosanborja.com\/index.php\/wp-json\/wp\/v2\/media?parent=1491"}],"wp:term":[{"taxonomy":"product_cat","embeddable":true,"href":"https:\/\/tecnicentrosanborja.com\/index.php\/wp-json\/wp\/v2\/product_cat?post=1491"},{"taxonomy":"product_tag","embeddable":true,"href":"https:\/\/tecnicentrosanborja.com\/index.php\/wp-json\/wp\/v2\/product_tag?post=1491"}],"curies":[{"name":"wp","href":"https:\/\/api.w.org\/{rel}","templated":true}]}}