{"id":1489,"date":"2024-04-17T16:57:54","date_gmt":"2024-04-17T16:57:54","guid":{"rendered":"https:\/\/tecnicentrosanborja.com\/?post_type=product&#038;p=1489"},"modified":"2024-04-17T17:07:29","modified_gmt":"2024-04-17T17:07:29","slug":"limpia-refrigeradora-dr-beckmann","status":"publish","type":"product","link":"https:\/\/tecnicentrosanborja.com\/index.php\/producto\/limpia-refrigeradora-dr-beckmann\/","title":{"rendered":"LIMPIA REFRIGERADORA DR. BECKMANN"},"content":{"rendered":"<p>Estudios de los principales institutos internacionales de salud (ej. NSF en 2011) muestran que el refrigerador es uno de los lugares m\u00e1s contaminados del hogar. Es por eso que Dr. Beckmann recomienda limpiar completamente el interior de su refrigerador por lo menos una vez a la semana. El Limpia Refrigeradores de Dr. Beckmann ayuda a limpiar higi\u00e9nicamente el interior de los refrigeradores, microondas y todas las superficies de su cocina que est\u00e1n en contacto con los alimentos. Su f\u00f3rmula natural elimina los olores y es seguro de usar alrededor de la comida. Bio\u00adhigi\u00e9nico \u2013 con alcohol de origen vegetal.<\/p>\n<p>INSTRUCCIONES DE USO:<br \/>\n1.- Saque los alimentos antes de aplicarlo.<br \/>\n2.- Roc\u00ede sin aplicar en rendijas o aperturas, y deje actuar unos segundos.<br \/>\n3.- Pase un trapo seco.<\/p>\n","protected":false},"excerpt":{"rendered":"<p>LIMPIA REFRIGERADORA DR. BECKMANN. Limpia el interior de los refrigeradores, microondas y todas las superficies de su cocina. Elimina los olores y es seguro de usar alrededor de la comida.<\/p>\n","protected":false},"featured_media":1490,"comment_status":"open","ping_status":"closed","template":"","meta":[],"product_cat":[68],"product_tag":[],"yoast_head":"<!-- This site is optimized with the Yoast SEO plugin v24.5 - https:\/\/yoast.com\/wordpress\/plugins\/seo\/ -->\n<title>LIMPIA REFRIGERADORA DR. BECKMANN &#187; SERVICIO T\u00c9CNICO BOSCH<\/title>\n<meta name=\"description\" content=\"Limpia el interior de los refrigeradores, microondas y todas las superficies de su cocina. Elimina los olores y es seguro de usar alrededor de la comida.\" \/>\n<meta name=\"robots\" content=\"index, follow, max-snippet:-1, max-image-preview:large, max-video-preview:-1\" \/>\n<link rel=\"canonical\" href=\"https:\/\/tecnicentrosanborja.com\/index.php\/producto\/limpia-refrigeradora-dr-beckmann\/\" \/>\n<meta property=\"og:locale\" content=\"es_ES\" \/>\n<meta property=\"og:type\" content=\"article\" \/>\n<meta property=\"og:title\" content=\"LIMPIA REFRIGERADORA DR. BECKMANN &#187; SERVICIO T\u00c9CNICO BOSCH\" \/>\n<meta property=\"og:description\" content=\"Limpia el interior de los refrigeradores, microondas y todas las superficies de su cocina. Elimina los olores y es seguro de usar alrededor de la comida.\" \/>\n<meta property=\"og:url\" content=\"https:\/\/tecnicentrosanborja.com\/index.php\/producto\/limpia-refrigeradora-dr-beckmann\/\" \/>\n<meta property=\"og:site_name\" content=\"SERVICIO T\u00c9CNICO BOSCH\" \/>\n<meta property=\"article:publisher\" content=\"https:\/\/www.facebook.com\/people\/Tecnicentro-San-Borja\/100063557529608\/\" \/>\n<meta property=\"article:modified_time\" content=\"2024-04-17T17:07:29+00:00\" \/>\n<meta property=\"og:image\" content=\"https:\/\/tecnicentrosanborja.com\/wp-content\/uploads\/2024\/04\/LIMPIA-REFRIGERADORA-DR.-BECKMANN.png\" \/>\n\t<meta property=\"og:image:width\" content=\"606\" \/>\n\t<meta property=\"og:image:height\" content=\"601\" \/>\n\t<meta property=\"og:image:type\" content=\"image\/png\" \/>\n<meta name=\"twitter:card\" content=\"summary_large_image\" \/>\n<meta name=\"twitter:label1\" content=\"Tiempo de lectura\" \/>\n\t<meta name=\"twitter:data1\" content=\"1 minuto\" \/>\n<script type=\"application\/ld+json\" class=\"yoast-schema-graph\">{\"@context\":\"https:\/\/schema.org\",\"@graph\":[{\"@type\":\"WebPage\",\"@id\":\"https:\/\/tecnicentrosanborja.com\/index.php\/producto\/limpia-refrigeradora-dr-beckmann\/\",\"url\":\"https:\/\/tecnicentrosanborja.com\/index.php\/producto\/limpia-refrigeradora-dr-beckmann\/\",\"name\":\"LIMPIA REFRIGERADORA DR. BECKMANN &#187; SERVICIO T\u00c9CNICO BOSCH\",\"isPartOf\":{\"@id\":\"https:\/\/tecnicentrosanborja.com\/#website\"},\"primaryImageOfPage\":{\"@id\":\"https:\/\/tecnicentrosanborja.com\/index.php\/producto\/limpia-refrigeradora-dr-beckmann\/#primaryimage\"},\"image\":{\"@id\":\"https:\/\/tecnicentrosanborja.com\/index.php\/producto\/limpia-refrigeradora-dr-beckmann\/#primaryimage\"},\"thumbnailUrl\":\"https:\/\/tecnicentrosanborja.com\/wp-content\/uploads\/2024\/04\/LIMPIA-REFRIGERADORA-DR.-BECKMANN.png\",\"datePublished\":\"2024-04-17T16:57:54+00:00\",\"dateModified\":\"2024-04-17T17:07:29+00:00\",\"description\":\"Limpia el interior de los refrigeradores, microondas y todas las superficies de su cocina. Elimina los olores y es seguro de usar alrededor de la comida.\",\"breadcrumb\":{\"@id\":\"https:\/\/tecnicentrosanborja.com\/index.php\/producto\/limpia-refrigeradora-dr-beckmann\/#breadcrumb\"},\"inLanguage\":\"es\",\"potentialAction\":[{\"@type\":\"ReadAction\",\"target\":[\"https:\/\/tecnicentrosanborja.com\/index.php\/producto\/limpia-refrigeradora-dr-beckmann\/\"]}]},{\"@type\":\"ImageObject\",\"inLanguage\":\"es\",\"@id\":\"https:\/\/tecnicentrosanborja.com\/index.php\/producto\/limpia-refrigeradora-dr-beckmann\/#primaryimage\",\"url\":\"https:\/\/tecnicentrosanborja.com\/wp-content\/uploads\/2024\/04\/LIMPIA-REFRIGERADORA-DR.-BECKMANN.png\",\"contentUrl\":\"https:\/\/tecnicentrosanborja.com\/wp-content\/uploads\/2024\/04\/LIMPIA-REFRIGERADORA-DR.-BECKMANN.png\",\"width\":606,\"height\":601},{\"@type\":\"BreadcrumbList\",\"@id\":\"https:\/\/tecnicentrosanborja.com\/index.php\/producto\/limpia-refrigeradora-dr-beckmann\/#breadcrumb\",\"itemListElement\":[{\"@type\":\"ListItem\",\"position\":1,\"name\":\"Portada\",\"item\":\"https:\/\/tecnicentrosanborja.com\/\"},{\"@type\":\"ListItem\",\"position\":2,\"name\":\"Tienda\",\"item\":\"https:\/\/tecnicentrosanborja.com\/index.php\/tienda\/\"},{\"@type\":\"ListItem\",\"position\":3,\"name\":\"LIMPIA REFRIGERADORA DR. BECKMANN\"}]},{\"@type\":\"WebSite\",\"@id\":\"https:\/\/tecnicentrosanborja.com\/#website\",\"url\":\"https:\/\/tecnicentrosanborja.com\/\",\"name\":\"SERVICIO T\u00c9CNICO BOSCH\",\"description\":\"SERVICIO T\u00c9CNICO BOSCH\",\"publisher\":{\"@id\":\"https:\/\/tecnicentrosanborja.com\/#organization\"},\"alternateName\":\"BOSCH\",\"potentialAction\":[{\"@type\":\"SearchAction\",\"target\":{\"@type\":\"EntryPoint\",\"urlTemplate\":\"https:\/\/tecnicentrosanborja.com\/?s={search_term_string}\"},\"query-input\":{\"@type\":\"PropertyValueSpecification\",\"valueRequired\":true,\"valueName\":\"search_term_string\"}}],\"inLanguage\":\"es\"},{\"@type\":\"Organization\",\"@id\":\"https:\/\/tecnicentrosanborja.com\/#organization\",\"name\":\"SERVICIO T\u00c9CNICO BOSCH\",\"alternateName\":\"BOSCH\",\"url\":\"https:\/\/tecnicentrosanborja.com\/\",\"logo\":{\"@type\":\"ImageObject\",\"inLanguage\":\"es\",\"@id\":\"https:\/\/tecnicentrosanborja.com\/#\/schema\/logo\/image\/\",\"url\":\"https:\/\/tecnicentrosanborja.com\/wp-content\/uploads\/2020\/06\/cropped-Tecnicentro-San-Borja-Logotipo.png\",\"contentUrl\":\"https:\/\/tecnicentrosanborja.com\/wp-content\/uploads\/2020\/06\/cropped-Tecnicentro-San-Borja-Logotipo.png\",\"width\":729,\"height\":189,\"caption\":\"SERVICIO T\u00c9CNICO BOSCH\"},\"image\":{\"@id\":\"https:\/\/tecnicentrosanborja.com\/#\/schema\/logo\/image\/\"},\"sameAs\":[\"https:\/\/www.facebook.com\/people\/Tecnicentro-San-Borja\/100063557529608\/\"]}]}<\/script>\n<!-- \/ Yoast SEO plugin. -->","yoast_head_json":{"title":"LIMPIA REFRIGERADORA DR. BECKMANN &#187; SERVICIO T\u00c9CNICO BOSCH","description":"Limpia el interior de los refrigeradores, microondas y todas las superficies de su cocina. Elimina los olores y es seguro de usar alrededor de la comida.","robots":{"index":"index","follow":"follow","max-snippet":"max-snippet:-1","max-image-preview":"max-image-preview:large","max-video-preview":"max-video-preview:-1"},"canonical":"https:\/\/tecnicentrosanborja.com\/index.php\/producto\/limpia-refrigeradora-dr-beckmann\/","og_locale":"es_ES","og_type":"article","og_title":"LIMPIA REFRIGERADORA DR. BECKMANN &#187; SERVICIO T\u00c9CNICO BOSCH","og_description":"Limpia el interior de los refrigeradores, microondas y todas las superficies de su cocina. Elimina los olores y es seguro de usar alrededor de la comida.","og_url":"https:\/\/tecnicentrosanborja.com\/index.php\/producto\/limpia-refrigeradora-dr-beckmann\/","og_site_name":"SERVICIO T\u00c9CNICO BOSCH","article_publisher":"https:\/\/www.facebook.com\/people\/Tecnicentro-San-Borja\/100063557529608\/","article_modified_time":"2024-04-17T17:07:29+00:00","og_image":[{"width":606,"height":601,"url":"https:\/\/tecnicentrosanborja.com\/wp-content\/uploads\/2024\/04\/LIMPIA-REFRIGERADORA-DR.-BECKMANN.png","type":"image\/png"}],"twitter_card":"summary_large_image","twitter_misc":{"Tiempo de lectura":"1 minuto"},"schema":{"@context":"https:\/\/schema.org","@graph":[{"@type":"WebPage","@id":"https:\/\/tecnicentrosanborja.com\/index.php\/producto\/limpia-refrigeradora-dr-beckmann\/","url":"https:\/\/tecnicentrosanborja.com\/index.php\/producto\/limpia-refrigeradora-dr-beckmann\/","name":"LIMPIA REFRIGERADORA DR. BECKMANN &#187; SERVICIO T\u00c9CNICO BOSCH","isPartOf":{"@id":"https:\/\/tecnicentrosanborja.com\/#website"},"primaryImageOfPage":{"@id":"https:\/\/tecnicentrosanborja.com\/index.php\/producto\/limpia-refrigeradora-dr-beckmann\/#primaryimage"},"image":{"@id":"https:\/\/tecnicentrosanborja.com\/index.php\/producto\/limpia-refrigeradora-dr-beckmann\/#primaryimage"},"thumbnailUrl":"https:\/\/tecnicentrosanborja.com\/wp-content\/uploads\/2024\/04\/LIMPIA-REFRIGERADORA-DR.-BECKMANN.png","datePublished":"2024-04-17T16:57:54+00:00","dateModified":"2024-04-17T17:07:29+00:00","description":"Limpia el interior de los refrigeradores, microondas y todas las superficies de su cocina. Elimina los olores y es seguro de usar alrededor de la comida.","breadcrumb":{"@id":"https:\/\/tecnicentrosanborja.com\/index.php\/producto\/limpia-refrigeradora-dr-beckmann\/#breadcrumb"},"inLanguage":"es","potentialAction":[{"@type":"ReadAction","target":["https:\/\/tecnicentrosanborja.com\/index.php\/producto\/limpia-refrigeradora-dr-beckmann\/"]}]},{"@type":"ImageObject","inLanguage":"es","@id":"https:\/\/tecnicentrosanborja.com\/index.php\/producto\/limpia-refrigeradora-dr-beckmann\/#primaryimage","url":"https:\/\/tecnicentrosanborja.com\/wp-content\/uploads\/2024\/04\/LIMPIA-REFRIGERADORA-DR.-BECKMANN.png","contentUrl":"https:\/\/tecnicentrosanborja.com\/wp-content\/uploads\/2024\/04\/LIMPIA-REFRIGERADORA-DR.-BECKMANN.png","width":606,"height":601},{"@type":"BreadcrumbList","@id":"https:\/\/tecnicentrosanborja.com\/index.php\/producto\/limpia-refrigeradora-dr-beckmann\/#breadcrumb","itemListElement":[{"@type":"ListItem","position":1,"name":"Portada","item":"https:\/\/tecnicentrosanborja.com\/"},{"@type":"ListItem","position":2,"name":"Tienda","item":"https:\/\/tecnicentrosanborja.com\/index.php\/tienda\/"},{"@type":"ListItem","position":3,"name":"LIMPIA REFRIGERADORA DR. BECKMANN"}]},{"@type":"WebSite","@id":"https:\/\/tecnicentrosanborja.com\/#website","url":"https:\/\/tecnicentrosanborja.com\/","name":"SERVICIO T\u00c9CNICO BOSCH","description":"SERVICIO T\u00c9CNICO BOSCH","publisher":{"@id":"https:\/\/tecnicentrosanborja.com\/#organization"},"alternateName":"BOSCH","potentialAction":[{"@type":"SearchAction","target":{"@type":"EntryPoint","urlTemplate":"https:\/\/tecnicentrosanborja.com\/?s={search_term_string}"},"query-input":{"@type":"PropertyValueSpecification","valueRequired":true,"valueName":"search_term_string"}}],"inLanguage":"es"},{"@type":"Organization","@id":"https:\/\/tecnicentrosanborja.com\/#organization","name":"SERVICIO T\u00c9CNICO BOSCH","alternateName":"BOSCH","url":"https:\/\/tecnicentrosanborja.com\/","logo":{"@type":"ImageObject","inLanguage":"es","@id":"https:\/\/tecnicentrosanborja.com\/#\/schema\/logo\/image\/","url":"https:\/\/tecnicentrosanborja.com\/wp-content\/uploads\/2020\/06\/cropped-Tecnicentro-San-Borja-Logotipo.png","contentUrl":"https:\/\/tecnicentrosanborja.com\/wp-content\/uploads\/2020\/06\/cropped-Tecnicentro-San-Borja-Logotipo.png","width":729,"height":189,"caption":"SERVICIO T\u00c9CNICO BOSCH"},"image":{"@id":"https:\/\/tecnicentrosanborja.com\/#\/schema\/logo\/image\/"},"sameAs":["https:\/\/www.facebook.com\/people\/Tecnicentro-San-Borja\/100063557529608\/"]}]}},"_links":{"self":[{"href":"https:\/\/tecnicentrosanborja.com\/index.php\/wp-json\/wp\/v2\/product\/1489"}],"collection":[{"href":"https:\/\/tecnicentrosanborja.com\/index.php\/wp-json\/wp\/v2\/product"}],"about":[{"href":"https:\/\/tecnicentrosanborja.com\/index.php\/wp-json\/wp\/v2\/types\/product"}],"replies":[{"embeddable":true,"href":"https:\/\/tecnicentrosanborja.com\/index.php\/wp-json\/wp\/v2\/comments?post=1489"}],"wp:featuredmedia":[{"embeddable":true,"href":"https:\/\/tecnicentrosanborja.com\/index.php\/wp-json\/wp\/v2\/media\/1490"}],"wp:attachment":[{"href":"https:\/\/tecnicentrosanborja.com\/index.php\/wp-json\/wp\/v2\/media?parent=1489"}],"wp:term":[{"taxonomy":"product_cat","embeddable":true,"href":"https:\/\/tecnicentrosanborja.com\/index.php\/wp-json\/wp\/v2\/product_cat?post=1489"},{"taxonomy":"product_tag","embeddable":true,"href":"https:\/\/tecnicentrosanborja.com\/index.php\/wp-json\/wp\/v2\/product_tag?post=1489"}],"curies":[{"name":"wp","href":"https:\/\/api.w.org\/{rel}","templated":true}]}}