{"id":1376,"date":"2024-04-12T15:54:26","date_gmt":"2024-04-12T15:54:26","guid":{"rendered":"https:\/\/tecnicentrosanborja.com\/?post_type=product&#038;p=1376"},"modified":"2024-04-15T20:12:37","modified_gmt":"2024-04-15T20:12:37","slug":"pastilla-de-limpieza-para-cafeteras-contiene-6-pastillas","status":"publish","type":"product","link":"https:\/\/tecnicentrosanborja.com\/index.php\/producto\/pastilla-de-limpieza-para-cafeteras-contiene-6-pastillas\/","title":{"rendered":"PASTILLA DE LIMPIEZA PARA CAFETERAS (6 pastillas)"},"content":{"rendered":"<p>Para disfrutar del caf\u00e9 perfecto, es vital limpiar tu cafetera regularmente: en cada uso, los dep\u00f3sitos de grasa y aceite de caf\u00e9 permanecen en el interior y pueden interferir con el sabor. Esos dep\u00f3sitos tambi\u00e9n pueden da\u00f1ar el funcionamiento de tu m\u00e1quina. Las tabletas Limpia Cafeteras Dr. Beckmann eliminan los dep\u00f3sitos de aceite de caf\u00e9 y, por lo tanto, protegen la m\u00e1quina y ayudan a prevenir el mal funcionamiento.<\/p>\n<p>(Contiene 6 pastillas).<\/p>\n","protected":false},"excerpt":{"rendered":"<p>Las tabletas Limpia Cafeteras Dr. Beckmann eliminan los dep\u00f3sitos de aceite de caf\u00e9 , protegen la m\u00e1quina y ayudan a prevenir el mal funcionamiento.<\/p>\n","protected":false},"featured_media":1377,"comment_status":"open","ping_status":"closed","template":"","meta":[],"product_cat":[44],"product_tag":[],"yoast_head":"<!-- This site is optimized with the Yoast SEO plugin v24.5 - https:\/\/yoast.com\/wordpress\/plugins\/seo\/ -->\n<title>PASTILLA DE LIMPIEZA PARA CAFETERAS (6 pastillas) &#187; SERVICIO T\u00c9CNICO BOSCH<\/title>\n<meta name=\"description\" content=\"Las tabletas Limpia Cafeteras Dr. Beckmann eliminan los dep\u00f3sitos de aceite de caf\u00e9, protegen la m\u00e1quina y ayudan a prevenir el mal funcionamiento.\" \/>\n<meta name=\"robots\" content=\"index, follow, max-snippet:-1, max-image-preview:large, max-video-preview:-1\" \/>\n<link rel=\"canonical\" href=\"https:\/\/tecnicentrosanborja.com\/index.php\/producto\/pastilla-de-limpieza-para-cafeteras-contiene-6-pastillas\/\" \/>\n<meta property=\"og:locale\" content=\"es_ES\" \/>\n<meta property=\"og:type\" content=\"article\" \/>\n<meta property=\"og:title\" content=\"PASTILLA DE LIMPIEZA PARA CAFETERAS (6 pastillas) &#187; SERVICIO T\u00c9CNICO BOSCH\" \/>\n<meta property=\"og:description\" content=\"Las tabletas Limpia Cafeteras Dr. Beckmann eliminan los dep\u00f3sitos de aceite de caf\u00e9, protegen la m\u00e1quina y ayudan a prevenir el mal funcionamiento.\" \/>\n<meta property=\"og:url\" content=\"https:\/\/tecnicentrosanborja.com\/index.php\/producto\/pastilla-de-limpieza-para-cafeteras-contiene-6-pastillas\/\" \/>\n<meta property=\"og:site_name\" content=\"SERVICIO T\u00c9CNICO BOSCH\" \/>\n<meta property=\"article:publisher\" content=\"https:\/\/www.facebook.com\/people\/Tecnicentro-San-Borja\/100063557529608\/\" \/>\n<meta property=\"article:modified_time\" content=\"2024-04-15T20:12:37+00:00\" \/>\n<meta property=\"og:image\" content=\"https:\/\/tecnicentrosanborja.com\/wp-content\/uploads\/2024\/04\/Limpiador-de-Cafeteras.png\" \/>\n\t<meta property=\"og:image:width\" content=\"606\" \/>\n\t<meta property=\"og:image:height\" content=\"601\" \/>\n\t<meta property=\"og:image:type\" content=\"image\/png\" \/>\n<meta name=\"twitter:card\" content=\"summary_large_image\" \/>\n<meta name=\"twitter:label1\" content=\"Tiempo de lectura\" \/>\n\t<meta name=\"twitter:data1\" content=\"1 minuto\" \/>\n<script type=\"application\/ld+json\" class=\"yoast-schema-graph\">{\"@context\":\"https:\/\/schema.org\",\"@graph\":[{\"@type\":\"WebPage\",\"@id\":\"https:\/\/tecnicentrosanborja.com\/index.php\/producto\/pastilla-de-limpieza-para-cafeteras-contiene-6-pastillas\/\",\"url\":\"https:\/\/tecnicentrosanborja.com\/index.php\/producto\/pastilla-de-limpieza-para-cafeteras-contiene-6-pastillas\/\",\"name\":\"PASTILLA DE LIMPIEZA PARA CAFETERAS (6 pastillas) &#187; SERVICIO T\u00c9CNICO BOSCH\",\"isPartOf\":{\"@id\":\"https:\/\/tecnicentrosanborja.com\/#website\"},\"primaryImageOfPage\":{\"@id\":\"https:\/\/tecnicentrosanborja.com\/index.php\/producto\/pastilla-de-limpieza-para-cafeteras-contiene-6-pastillas\/#primaryimage\"},\"image\":{\"@id\":\"https:\/\/tecnicentrosanborja.com\/index.php\/producto\/pastilla-de-limpieza-para-cafeteras-contiene-6-pastillas\/#primaryimage\"},\"thumbnailUrl\":\"https:\/\/tecnicentrosanborja.com\/wp-content\/uploads\/2024\/04\/Limpiador-de-Cafeteras.png\",\"datePublished\":\"2024-04-12T15:54:26+00:00\",\"dateModified\":\"2024-04-15T20:12:37+00:00\",\"description\":\"Las tabletas Limpia Cafeteras Dr. Beckmann eliminan los dep\u00f3sitos de aceite de caf\u00e9, protegen la m\u00e1quina y ayudan a prevenir el mal funcionamiento.\",\"breadcrumb\":{\"@id\":\"https:\/\/tecnicentrosanborja.com\/index.php\/producto\/pastilla-de-limpieza-para-cafeteras-contiene-6-pastillas\/#breadcrumb\"},\"inLanguage\":\"es\",\"potentialAction\":[{\"@type\":\"ReadAction\",\"target\":[\"https:\/\/tecnicentrosanborja.com\/index.php\/producto\/pastilla-de-limpieza-para-cafeteras-contiene-6-pastillas\/\"]}]},{\"@type\":\"ImageObject\",\"inLanguage\":\"es\",\"@id\":\"https:\/\/tecnicentrosanborja.com\/index.php\/producto\/pastilla-de-limpieza-para-cafeteras-contiene-6-pastillas\/#primaryimage\",\"url\":\"https:\/\/tecnicentrosanborja.com\/wp-content\/uploads\/2024\/04\/Limpiador-de-Cafeteras.png\",\"contentUrl\":\"https:\/\/tecnicentrosanborja.com\/wp-content\/uploads\/2024\/04\/Limpiador-de-Cafeteras.png\",\"width\":606,\"height\":601},{\"@type\":\"BreadcrumbList\",\"@id\":\"https:\/\/tecnicentrosanborja.com\/index.php\/producto\/pastilla-de-limpieza-para-cafeteras-contiene-6-pastillas\/#breadcrumb\",\"itemListElement\":[{\"@type\":\"ListItem\",\"position\":1,\"name\":\"Portada\",\"item\":\"https:\/\/tecnicentrosanborja.com\/\"},{\"@type\":\"ListItem\",\"position\":2,\"name\":\"Tienda\",\"item\":\"https:\/\/tecnicentrosanborja.com\/index.php\/tienda\/\"},{\"@type\":\"ListItem\",\"position\":3,\"name\":\"PASTILLA DE LIMPIEZA PARA CAFETERAS (6 pastillas)\"}]},{\"@type\":\"WebSite\",\"@id\":\"https:\/\/tecnicentrosanborja.com\/#website\",\"url\":\"https:\/\/tecnicentrosanborja.com\/\",\"name\":\"SERVICIO T\u00c9CNICO BOSCH\",\"description\":\"SERVICIO T\u00c9CNICO BOSCH\",\"publisher\":{\"@id\":\"https:\/\/tecnicentrosanborja.com\/#organization\"},\"alternateName\":\"BOSCH\",\"potentialAction\":[{\"@type\":\"SearchAction\",\"target\":{\"@type\":\"EntryPoint\",\"urlTemplate\":\"https:\/\/tecnicentrosanborja.com\/?s={search_term_string}\"},\"query-input\":{\"@type\":\"PropertyValueSpecification\",\"valueRequired\":true,\"valueName\":\"search_term_string\"}}],\"inLanguage\":\"es\"},{\"@type\":\"Organization\",\"@id\":\"https:\/\/tecnicentrosanborja.com\/#organization\",\"name\":\"SERVICIO T\u00c9CNICO BOSCH\",\"alternateName\":\"BOSCH\",\"url\":\"https:\/\/tecnicentrosanborja.com\/\",\"logo\":{\"@type\":\"ImageObject\",\"inLanguage\":\"es\",\"@id\":\"https:\/\/tecnicentrosanborja.com\/#\/schema\/logo\/image\/\",\"url\":\"https:\/\/tecnicentrosanborja.com\/wp-content\/uploads\/2020\/06\/cropped-Tecnicentro-San-Borja-Logotipo.png\",\"contentUrl\":\"https:\/\/tecnicentrosanborja.com\/wp-content\/uploads\/2020\/06\/cropped-Tecnicentro-San-Borja-Logotipo.png\",\"width\":729,\"height\":189,\"caption\":\"SERVICIO T\u00c9CNICO BOSCH\"},\"image\":{\"@id\":\"https:\/\/tecnicentrosanborja.com\/#\/schema\/logo\/image\/\"},\"sameAs\":[\"https:\/\/www.facebook.com\/people\/Tecnicentro-San-Borja\/100063557529608\/\"]}]}<\/script>\n<!-- \/ Yoast SEO plugin. -->","yoast_head_json":{"title":"PASTILLA DE LIMPIEZA PARA CAFETERAS (6 pastillas) &#187; SERVICIO T\u00c9CNICO BOSCH","description":"Las tabletas Limpia Cafeteras Dr. Beckmann eliminan los dep\u00f3sitos de aceite de caf\u00e9, protegen la m\u00e1quina y ayudan a prevenir el mal funcionamiento.","robots":{"index":"index","follow":"follow","max-snippet":"max-snippet:-1","max-image-preview":"max-image-preview:large","max-video-preview":"max-video-preview:-1"},"canonical":"https:\/\/tecnicentrosanborja.com\/index.php\/producto\/pastilla-de-limpieza-para-cafeteras-contiene-6-pastillas\/","og_locale":"es_ES","og_type":"article","og_title":"PASTILLA DE LIMPIEZA PARA CAFETERAS (6 pastillas) &#187; SERVICIO T\u00c9CNICO BOSCH","og_description":"Las tabletas Limpia Cafeteras Dr. Beckmann eliminan los dep\u00f3sitos de aceite de caf\u00e9, protegen la m\u00e1quina y ayudan a prevenir el mal funcionamiento.","og_url":"https:\/\/tecnicentrosanborja.com\/index.php\/producto\/pastilla-de-limpieza-para-cafeteras-contiene-6-pastillas\/","og_site_name":"SERVICIO T\u00c9CNICO BOSCH","article_publisher":"https:\/\/www.facebook.com\/people\/Tecnicentro-San-Borja\/100063557529608\/","article_modified_time":"2024-04-15T20:12:37+00:00","og_image":[{"width":606,"height":601,"url":"https:\/\/tecnicentrosanborja.com\/wp-content\/uploads\/2024\/04\/Limpiador-de-Cafeteras.png","type":"image\/png"}],"twitter_card":"summary_large_image","twitter_misc":{"Tiempo de lectura":"1 minuto"},"schema":{"@context":"https:\/\/schema.org","@graph":[{"@type":"WebPage","@id":"https:\/\/tecnicentrosanborja.com\/index.php\/producto\/pastilla-de-limpieza-para-cafeteras-contiene-6-pastillas\/","url":"https:\/\/tecnicentrosanborja.com\/index.php\/producto\/pastilla-de-limpieza-para-cafeteras-contiene-6-pastillas\/","name":"PASTILLA DE LIMPIEZA PARA CAFETERAS (6 pastillas) &#187; SERVICIO T\u00c9CNICO BOSCH","isPartOf":{"@id":"https:\/\/tecnicentrosanborja.com\/#website"},"primaryImageOfPage":{"@id":"https:\/\/tecnicentrosanborja.com\/index.php\/producto\/pastilla-de-limpieza-para-cafeteras-contiene-6-pastillas\/#primaryimage"},"image":{"@id":"https:\/\/tecnicentrosanborja.com\/index.php\/producto\/pastilla-de-limpieza-para-cafeteras-contiene-6-pastillas\/#primaryimage"},"thumbnailUrl":"https:\/\/tecnicentrosanborja.com\/wp-content\/uploads\/2024\/04\/Limpiador-de-Cafeteras.png","datePublished":"2024-04-12T15:54:26+00:00","dateModified":"2024-04-15T20:12:37+00:00","description":"Las tabletas Limpia Cafeteras Dr. Beckmann eliminan los dep\u00f3sitos de aceite de caf\u00e9, protegen la m\u00e1quina y ayudan a prevenir el mal funcionamiento.","breadcrumb":{"@id":"https:\/\/tecnicentrosanborja.com\/index.php\/producto\/pastilla-de-limpieza-para-cafeteras-contiene-6-pastillas\/#breadcrumb"},"inLanguage":"es","potentialAction":[{"@type":"ReadAction","target":["https:\/\/tecnicentrosanborja.com\/index.php\/producto\/pastilla-de-limpieza-para-cafeteras-contiene-6-pastillas\/"]}]},{"@type":"ImageObject","inLanguage":"es","@id":"https:\/\/tecnicentrosanborja.com\/index.php\/producto\/pastilla-de-limpieza-para-cafeteras-contiene-6-pastillas\/#primaryimage","url":"https:\/\/tecnicentrosanborja.com\/wp-content\/uploads\/2024\/04\/Limpiador-de-Cafeteras.png","contentUrl":"https:\/\/tecnicentrosanborja.com\/wp-content\/uploads\/2024\/04\/Limpiador-de-Cafeteras.png","width":606,"height":601},{"@type":"BreadcrumbList","@id":"https:\/\/tecnicentrosanborja.com\/index.php\/producto\/pastilla-de-limpieza-para-cafeteras-contiene-6-pastillas\/#breadcrumb","itemListElement":[{"@type":"ListItem","position":1,"name":"Portada","item":"https:\/\/tecnicentrosanborja.com\/"},{"@type":"ListItem","position":2,"name":"Tienda","item":"https:\/\/tecnicentrosanborja.com\/index.php\/tienda\/"},{"@type":"ListItem","position":3,"name":"PASTILLA DE LIMPIEZA PARA CAFETERAS (6 pastillas)"}]},{"@type":"WebSite","@id":"https:\/\/tecnicentrosanborja.com\/#website","url":"https:\/\/tecnicentrosanborja.com\/","name":"SERVICIO T\u00c9CNICO BOSCH","description":"SERVICIO T\u00c9CNICO BOSCH","publisher":{"@id":"https:\/\/tecnicentrosanborja.com\/#organization"},"alternateName":"BOSCH","potentialAction":[{"@type":"SearchAction","target":{"@type":"EntryPoint","urlTemplate":"https:\/\/tecnicentrosanborja.com\/?s={search_term_string}"},"query-input":{"@type":"PropertyValueSpecification","valueRequired":true,"valueName":"search_term_string"}}],"inLanguage":"es"},{"@type":"Organization","@id":"https:\/\/tecnicentrosanborja.com\/#organization","name":"SERVICIO T\u00c9CNICO BOSCH","alternateName":"BOSCH","url":"https:\/\/tecnicentrosanborja.com\/","logo":{"@type":"ImageObject","inLanguage":"es","@id":"https:\/\/tecnicentrosanborja.com\/#\/schema\/logo\/image\/","url":"https:\/\/tecnicentrosanborja.com\/wp-content\/uploads\/2020\/06\/cropped-Tecnicentro-San-Borja-Logotipo.png","contentUrl":"https:\/\/tecnicentrosanborja.com\/wp-content\/uploads\/2020\/06\/cropped-Tecnicentro-San-Borja-Logotipo.png","width":729,"height":189,"caption":"SERVICIO T\u00c9CNICO BOSCH"},"image":{"@id":"https:\/\/tecnicentrosanborja.com\/#\/schema\/logo\/image\/"},"sameAs":["https:\/\/www.facebook.com\/people\/Tecnicentro-San-Borja\/100063557529608\/"]}]}},"_links":{"self":[{"href":"https:\/\/tecnicentrosanborja.com\/index.php\/wp-json\/wp\/v2\/product\/1376"}],"collection":[{"href":"https:\/\/tecnicentrosanborja.com\/index.php\/wp-json\/wp\/v2\/product"}],"about":[{"href":"https:\/\/tecnicentrosanborja.com\/index.php\/wp-json\/wp\/v2\/types\/product"}],"replies":[{"embeddable":true,"href":"https:\/\/tecnicentrosanborja.com\/index.php\/wp-json\/wp\/v2\/comments?post=1376"}],"wp:featuredmedia":[{"embeddable":true,"href":"https:\/\/tecnicentrosanborja.com\/index.php\/wp-json\/wp\/v2\/media\/1377"}],"wp:attachment":[{"href":"https:\/\/tecnicentrosanborja.com\/index.php\/wp-json\/wp\/v2\/media?parent=1376"}],"wp:term":[{"taxonomy":"product_cat","embeddable":true,"href":"https:\/\/tecnicentrosanborja.com\/index.php\/wp-json\/wp\/v2\/product_cat?post=1376"},{"taxonomy":"product_tag","embeddable":true,"href":"https:\/\/tecnicentrosanborja.com\/index.php\/wp-json\/wp\/v2\/product_tag?post=1376"}],"curies":[{"name":"wp","href":"https:\/\/api.w.org\/{rel}","templated":true}]}}