{"id":1371,"date":"2024-04-12T00:12:56","date_gmt":"2024-04-12T00:12:56","guid":{"rendered":"https:\/\/tecnicentrosanborja.com\/?post_type=product&#038;p=1371"},"modified":"2024-04-15T20:23:43","modified_gmt":"2024-04-15T20:23:43","slug":"descalcificador-en-polvo-250","status":"publish","type":"product","link":"https:\/\/tecnicentrosanborja.com\/index.php\/producto\/descalcificador-en-polvo-250\/","title":{"rendered":"Descalcificador r\u00e1pido en polvo 250 gr para lavadoras y lavavajillas."},"content":{"rendered":"<p>Elimina los dep\u00f3sitos de cal de forma r\u00e1pida y efectiva. Recomendamos descalcificar tu lavadora cada 3-6 meses y el lavavajillas una vez al a\u00f1o, dependiendo del uso. Especialmente recomendado para zonas con agua dura.\u00a0Reducen el tiempo de calentamiento y el consumo el\u00e9ctrico.<\/p>\n","protected":false},"excerpt":{"rendered":"<p>Elimina los dep\u00f3sitos de cal de forma r\u00e1pida y efectiva. Recomendamos descalcificar tu lavadora cada 3-6 meses y el lavavajillas una vez al a\u00f1o, dependiendo del uso. Especialmente recomendado para zonas con agua dura.\u00a0Reducen el tiempo de calentamiento y el consumo el\u00e9ctrico.<\/p>\n","protected":false},"featured_media":1372,"comment_status":"open","ping_status":"closed","template":"","meta":[],"product_cat":[51,19],"product_tag":[],"yoast_head":"<!-- This site is optimized with the Yoast SEO plugin v24.5 - https:\/\/yoast.com\/wordpress\/plugins\/seo\/ -->\n<title>Descalcificador r\u00e1pido en polvo 250 gr para lavadoras y lavavajillas. &#187; SERVICIO T\u00c9CNICO BOSCH<\/title>\n<meta name=\"description\" content=\"Elimina los dep\u00f3sitos de cal de forma r\u00e1pida y efectiva. de tu lavadora y lavavajillas. Reducen el tiempo de calentamiento y el consumo el\u00e9ctrico.\" \/>\n<meta name=\"robots\" content=\"index, follow, max-snippet:-1, max-image-preview:large, max-video-preview:-1\" \/>\n<link rel=\"canonical\" href=\"https:\/\/tecnicentrosanborja.com\/index.php\/producto\/descalcificador-en-polvo-250\/\" \/>\n<meta property=\"og:locale\" content=\"es_ES\" \/>\n<meta property=\"og:type\" content=\"article\" \/>\n<meta property=\"og:title\" content=\"Descalcificador r\u00e1pido en polvo 250 gr para lavadoras y lavavajillas. &#187; SERVICIO T\u00c9CNICO BOSCH\" \/>\n<meta property=\"og:description\" content=\"Elimina los dep\u00f3sitos de cal de forma r\u00e1pida y efectiva. de tu lavadora y lavavajillas. Reducen el tiempo de calentamiento y el consumo el\u00e9ctrico.\" \/>\n<meta property=\"og:url\" content=\"https:\/\/tecnicentrosanborja.com\/index.php\/producto\/descalcificador-en-polvo-250\/\" \/>\n<meta property=\"og:site_name\" content=\"SERVICIO T\u00c9CNICO BOSCH\" \/>\n<meta property=\"article:publisher\" content=\"https:\/\/www.facebook.com\/people\/Tecnicentro-San-Borja\/100063557529608\/\" \/>\n<meta property=\"article:modified_time\" content=\"2024-04-15T20:23:43+00:00\" \/>\n<meta property=\"og:image\" content=\"https:\/\/tecnicentrosanborja.com\/wp-content\/uploads\/2024\/04\/Descalcificador-de-Lavavajillas.png\" \/>\n\t<meta property=\"og:image:width\" content=\"606\" \/>\n\t<meta property=\"og:image:height\" content=\"601\" \/>\n\t<meta property=\"og:image:type\" content=\"image\/png\" \/>\n<meta name=\"twitter:card\" content=\"summary_large_image\" \/>\n<meta name=\"twitter:label1\" content=\"Tiempo de lectura\" \/>\n\t<meta name=\"twitter:data1\" content=\"1 minuto\" \/>\n<script type=\"application\/ld+json\" class=\"yoast-schema-graph\">{\"@context\":\"https:\/\/schema.org\",\"@graph\":[{\"@type\":\"WebPage\",\"@id\":\"https:\/\/tecnicentrosanborja.com\/index.php\/producto\/descalcificador-en-polvo-250\/\",\"url\":\"https:\/\/tecnicentrosanborja.com\/index.php\/producto\/descalcificador-en-polvo-250\/\",\"name\":\"Descalcificador r\u00e1pido en polvo 250 gr para lavadoras y lavavajillas. &#187; SERVICIO T\u00c9CNICO BOSCH\",\"isPartOf\":{\"@id\":\"https:\/\/tecnicentrosanborja.com\/#website\"},\"primaryImageOfPage\":{\"@id\":\"https:\/\/tecnicentrosanborja.com\/index.php\/producto\/descalcificador-en-polvo-250\/#primaryimage\"},\"image\":{\"@id\":\"https:\/\/tecnicentrosanborja.com\/index.php\/producto\/descalcificador-en-polvo-250\/#primaryimage\"},\"thumbnailUrl\":\"https:\/\/tecnicentrosanborja.com\/wp-content\/uploads\/2024\/04\/Descalcificador-de-Lavavajillas.png\",\"datePublished\":\"2024-04-12T00:12:56+00:00\",\"dateModified\":\"2024-04-15T20:23:43+00:00\",\"description\":\"Elimina los dep\u00f3sitos de cal de forma r\u00e1pida y efectiva. de tu lavadora y lavavajillas. Reducen el tiempo de calentamiento y el consumo el\u00e9ctrico.\",\"breadcrumb\":{\"@id\":\"https:\/\/tecnicentrosanborja.com\/index.php\/producto\/descalcificador-en-polvo-250\/#breadcrumb\"},\"inLanguage\":\"es\",\"potentialAction\":[{\"@type\":\"ReadAction\",\"target\":[\"https:\/\/tecnicentrosanborja.com\/index.php\/producto\/descalcificador-en-polvo-250\/\"]}]},{\"@type\":\"ImageObject\",\"inLanguage\":\"es\",\"@id\":\"https:\/\/tecnicentrosanborja.com\/index.php\/producto\/descalcificador-en-polvo-250\/#primaryimage\",\"url\":\"https:\/\/tecnicentrosanborja.com\/wp-content\/uploads\/2024\/04\/Descalcificador-de-Lavavajillas.png\",\"contentUrl\":\"https:\/\/tecnicentrosanborja.com\/wp-content\/uploads\/2024\/04\/Descalcificador-de-Lavavajillas.png\",\"width\":606,\"height\":601},{\"@type\":\"BreadcrumbList\",\"@id\":\"https:\/\/tecnicentrosanborja.com\/index.php\/producto\/descalcificador-en-polvo-250\/#breadcrumb\",\"itemListElement\":[{\"@type\":\"ListItem\",\"position\":1,\"name\":\"Portada\",\"item\":\"https:\/\/tecnicentrosanborja.com\/\"},{\"@type\":\"ListItem\",\"position\":2,\"name\":\"Tienda\",\"item\":\"https:\/\/tecnicentrosanborja.com\/index.php\/tienda\/\"},{\"@type\":\"ListItem\",\"position\":3,\"name\":\"Descalcificador r\u00e1pido en polvo 250 gr para lavadoras y lavavajillas.\"}]},{\"@type\":\"WebSite\",\"@id\":\"https:\/\/tecnicentrosanborja.com\/#website\",\"url\":\"https:\/\/tecnicentrosanborja.com\/\",\"name\":\"SERVICIO T\u00c9CNICO BOSCH\",\"description\":\"SERVICIO T\u00c9CNICO BOSCH\",\"publisher\":{\"@id\":\"https:\/\/tecnicentrosanborja.com\/#organization\"},\"alternateName\":\"BOSCH\",\"potentialAction\":[{\"@type\":\"SearchAction\",\"target\":{\"@type\":\"EntryPoint\",\"urlTemplate\":\"https:\/\/tecnicentrosanborja.com\/?s={search_term_string}\"},\"query-input\":{\"@type\":\"PropertyValueSpecification\",\"valueRequired\":true,\"valueName\":\"search_term_string\"}}],\"inLanguage\":\"es\"},{\"@type\":\"Organization\",\"@id\":\"https:\/\/tecnicentrosanborja.com\/#organization\",\"name\":\"SERVICIO T\u00c9CNICO BOSCH\",\"alternateName\":\"BOSCH\",\"url\":\"https:\/\/tecnicentrosanborja.com\/\",\"logo\":{\"@type\":\"ImageObject\",\"inLanguage\":\"es\",\"@id\":\"https:\/\/tecnicentrosanborja.com\/#\/schema\/logo\/image\/\",\"url\":\"https:\/\/tecnicentrosanborja.com\/wp-content\/uploads\/2020\/06\/cropped-Tecnicentro-San-Borja-Logotipo.png\",\"contentUrl\":\"https:\/\/tecnicentrosanborja.com\/wp-content\/uploads\/2020\/06\/cropped-Tecnicentro-San-Borja-Logotipo.png\",\"width\":729,\"height\":189,\"caption\":\"SERVICIO T\u00c9CNICO BOSCH\"},\"image\":{\"@id\":\"https:\/\/tecnicentrosanborja.com\/#\/schema\/logo\/image\/\"},\"sameAs\":[\"https:\/\/www.facebook.com\/people\/Tecnicentro-San-Borja\/100063557529608\/\"]}]}<\/script>\n<!-- \/ Yoast SEO plugin. -->","yoast_head_json":{"title":"Descalcificador r\u00e1pido en polvo 250 gr para lavadoras y lavavajillas. &#187; SERVICIO T\u00c9CNICO BOSCH","description":"Elimina los dep\u00f3sitos de cal de forma r\u00e1pida y efectiva. de tu lavadora y lavavajillas. Reducen el tiempo de calentamiento y el consumo el\u00e9ctrico.","robots":{"index":"index","follow":"follow","max-snippet":"max-snippet:-1","max-image-preview":"max-image-preview:large","max-video-preview":"max-video-preview:-1"},"canonical":"https:\/\/tecnicentrosanborja.com\/index.php\/producto\/descalcificador-en-polvo-250\/","og_locale":"es_ES","og_type":"article","og_title":"Descalcificador r\u00e1pido en polvo 250 gr para lavadoras y lavavajillas. &#187; SERVICIO T\u00c9CNICO BOSCH","og_description":"Elimina los dep\u00f3sitos de cal de forma r\u00e1pida y efectiva. de tu lavadora y lavavajillas. Reducen el tiempo de calentamiento y el consumo el\u00e9ctrico.","og_url":"https:\/\/tecnicentrosanborja.com\/index.php\/producto\/descalcificador-en-polvo-250\/","og_site_name":"SERVICIO T\u00c9CNICO BOSCH","article_publisher":"https:\/\/www.facebook.com\/people\/Tecnicentro-San-Borja\/100063557529608\/","article_modified_time":"2024-04-15T20:23:43+00:00","og_image":[{"width":606,"height":601,"url":"https:\/\/tecnicentrosanborja.com\/wp-content\/uploads\/2024\/04\/Descalcificador-de-Lavavajillas.png","type":"image\/png"}],"twitter_card":"summary_large_image","twitter_misc":{"Tiempo de lectura":"1 minuto"},"schema":{"@context":"https:\/\/schema.org","@graph":[{"@type":"WebPage","@id":"https:\/\/tecnicentrosanborja.com\/index.php\/producto\/descalcificador-en-polvo-250\/","url":"https:\/\/tecnicentrosanborja.com\/index.php\/producto\/descalcificador-en-polvo-250\/","name":"Descalcificador r\u00e1pido en polvo 250 gr para lavadoras y lavavajillas. &#187; SERVICIO T\u00c9CNICO BOSCH","isPartOf":{"@id":"https:\/\/tecnicentrosanborja.com\/#website"},"primaryImageOfPage":{"@id":"https:\/\/tecnicentrosanborja.com\/index.php\/producto\/descalcificador-en-polvo-250\/#primaryimage"},"image":{"@id":"https:\/\/tecnicentrosanborja.com\/index.php\/producto\/descalcificador-en-polvo-250\/#primaryimage"},"thumbnailUrl":"https:\/\/tecnicentrosanborja.com\/wp-content\/uploads\/2024\/04\/Descalcificador-de-Lavavajillas.png","datePublished":"2024-04-12T00:12:56+00:00","dateModified":"2024-04-15T20:23:43+00:00","description":"Elimina los dep\u00f3sitos de cal de forma r\u00e1pida y efectiva. de tu lavadora y lavavajillas. Reducen el tiempo de calentamiento y el consumo el\u00e9ctrico.","breadcrumb":{"@id":"https:\/\/tecnicentrosanborja.com\/index.php\/producto\/descalcificador-en-polvo-250\/#breadcrumb"},"inLanguage":"es","potentialAction":[{"@type":"ReadAction","target":["https:\/\/tecnicentrosanborja.com\/index.php\/producto\/descalcificador-en-polvo-250\/"]}]},{"@type":"ImageObject","inLanguage":"es","@id":"https:\/\/tecnicentrosanborja.com\/index.php\/producto\/descalcificador-en-polvo-250\/#primaryimage","url":"https:\/\/tecnicentrosanborja.com\/wp-content\/uploads\/2024\/04\/Descalcificador-de-Lavavajillas.png","contentUrl":"https:\/\/tecnicentrosanborja.com\/wp-content\/uploads\/2024\/04\/Descalcificador-de-Lavavajillas.png","width":606,"height":601},{"@type":"BreadcrumbList","@id":"https:\/\/tecnicentrosanborja.com\/index.php\/producto\/descalcificador-en-polvo-250\/#breadcrumb","itemListElement":[{"@type":"ListItem","position":1,"name":"Portada","item":"https:\/\/tecnicentrosanborja.com\/"},{"@type":"ListItem","position":2,"name":"Tienda","item":"https:\/\/tecnicentrosanborja.com\/index.php\/tienda\/"},{"@type":"ListItem","position":3,"name":"Descalcificador r\u00e1pido en polvo 250 gr para lavadoras y lavavajillas."}]},{"@type":"WebSite","@id":"https:\/\/tecnicentrosanborja.com\/#website","url":"https:\/\/tecnicentrosanborja.com\/","name":"SERVICIO T\u00c9CNICO BOSCH","description":"SERVICIO T\u00c9CNICO BOSCH","publisher":{"@id":"https:\/\/tecnicentrosanborja.com\/#organization"},"alternateName":"BOSCH","potentialAction":[{"@type":"SearchAction","target":{"@type":"EntryPoint","urlTemplate":"https:\/\/tecnicentrosanborja.com\/?s={search_term_string}"},"query-input":{"@type":"PropertyValueSpecification","valueRequired":true,"valueName":"search_term_string"}}],"inLanguage":"es"},{"@type":"Organization","@id":"https:\/\/tecnicentrosanborja.com\/#organization","name":"SERVICIO T\u00c9CNICO BOSCH","alternateName":"BOSCH","url":"https:\/\/tecnicentrosanborja.com\/","logo":{"@type":"ImageObject","inLanguage":"es","@id":"https:\/\/tecnicentrosanborja.com\/#\/schema\/logo\/image\/","url":"https:\/\/tecnicentrosanborja.com\/wp-content\/uploads\/2020\/06\/cropped-Tecnicentro-San-Borja-Logotipo.png","contentUrl":"https:\/\/tecnicentrosanborja.com\/wp-content\/uploads\/2020\/06\/cropped-Tecnicentro-San-Borja-Logotipo.png","width":729,"height":189,"caption":"SERVICIO T\u00c9CNICO BOSCH"},"image":{"@id":"https:\/\/tecnicentrosanborja.com\/#\/schema\/logo\/image\/"},"sameAs":["https:\/\/www.facebook.com\/people\/Tecnicentro-San-Borja\/100063557529608\/"]}]}},"_links":{"self":[{"href":"https:\/\/tecnicentrosanborja.com\/index.php\/wp-json\/wp\/v2\/product\/1371"}],"collection":[{"href":"https:\/\/tecnicentrosanborja.com\/index.php\/wp-json\/wp\/v2\/product"}],"about":[{"href":"https:\/\/tecnicentrosanborja.com\/index.php\/wp-json\/wp\/v2\/types\/product"}],"replies":[{"embeddable":true,"href":"https:\/\/tecnicentrosanborja.com\/index.php\/wp-json\/wp\/v2\/comments?post=1371"}],"wp:featuredmedia":[{"embeddable":true,"href":"https:\/\/tecnicentrosanborja.com\/index.php\/wp-json\/wp\/v2\/media\/1372"}],"wp:attachment":[{"href":"https:\/\/tecnicentrosanborja.com\/index.php\/wp-json\/wp\/v2\/media?parent=1371"}],"wp:term":[{"taxonomy":"product_cat","embeddable":true,"href":"https:\/\/tecnicentrosanborja.com\/index.php\/wp-json\/wp\/v2\/product_cat?post=1371"},{"taxonomy":"product_tag","embeddable":true,"href":"https:\/\/tecnicentrosanborja.com\/index.php\/wp-json\/wp\/v2\/product_tag?post=1371"}],"curies":[{"name":"wp","href":"https:\/\/api.w.org\/{rel}","templated":true}]}}