{"id":943,"date":"2020-12-23T00:56:18","date_gmt":"2020-12-23T00:56:18","guid":{"rendered":"https:\/\/tecnicentrosanborja.com\/?page_id=943"},"modified":"2020-12-23T15:22:38","modified_gmt":"2020-12-23T15:22:38","slug":"mantenimiento-de-pequenos-artefactos","status":"publish","type":"page","link":"https:\/\/tecnicentrosanborja.com\/index.php\/mantenimiento-de-pequenos-artefactos\/","title":{"rendered":"Mantenimiento de peque\u00f1os artefactos"},"content":{"rendered":"\t\t<div data-elementor-type=\"wp-page\" data-elementor-id=\"943\" class=\"elementor elementor-943\">\n\t\t\t\t\t\t<section class=\"elementor-section elementor-top-section elementor-element elementor-element-1b23239 elementor-section-boxed elementor-section-height-default elementor-section-height-default\" data-id=\"1b23239\" data-element_type=\"section\" data-settings=\"{&quot;background_background&quot;:&quot;classic&quot;}\">\n\t\t\t\t\t\t<div class=\"elementor-container elementor-column-gap-default\">\n\t\t\t\t\t<div class=\"elementor-column elementor-col-16 elementor-top-column elementor-element elementor-element-dfa834b\" data-id=\"dfa834b\" data-element_type=\"column\">\n\t\t\t<div class=\"elementor-widget-wrap\">\n\t\t\t\t\t\t\t<\/div>\n\t\t<\/div>\n\t\t\t\t<div class=\"elementor-column elementor-col-66 elementor-top-column elementor-element elementor-element-bfc536f\" data-id=\"bfc536f\" data-element_type=\"column\">\n\t\t\t<div class=\"elementor-widget-wrap elementor-element-populated\">\n\t\t\t\t\t\t<div class=\"elementor-element elementor-element-2bb4c29 elementor-widget elementor-widget-heading\" data-id=\"2bb4c29\" data-element_type=\"widget\" data-widget_type=\"heading.default\">\n\t\t\t\t<div class=\"elementor-widget-container\">\n\t\t\t\t\t<h2 class=\"elementor-heading-title elementor-size-default\">MANTENIMIENTO DE PEQUE\u00d1OS ARTEFACTOS<\/h2>\t\t\t\t<\/div>\n\t\t\t\t<\/div>\n\t\t\t\t\t<\/div>\n\t\t<\/div>\n\t\t\t\t<div class=\"elementor-column elementor-col-16 elementor-top-column elementor-element elementor-element-47c201a\" data-id=\"47c201a\" data-element_type=\"column\">\n\t\t\t<div class=\"elementor-widget-wrap\">\n\t\t\t\t\t\t\t<\/div>\n\t\t<\/div>\n\t\t\t\t\t<\/div>\n\t\t<\/section>\n\t\t\t\t<section class=\"elementor-section elementor-top-section elementor-element elementor-element-605e041 elementor-section-boxed elementor-section-height-default elementor-section-height-default\" data-id=\"605e041\" data-element_type=\"section\" data-settings=\"{&quot;background_background&quot;:&quot;classic&quot;}\">\n\t\t\t\t\t\t<div class=\"elementor-container elementor-column-gap-default\">\n\t\t\t\t\t<div class=\"elementor-column elementor-col-33 elementor-top-column elementor-element elementor-element-c4e13d1\" data-id=\"c4e13d1\" data-element_type=\"column\">\n\t\t\t<div class=\"elementor-widget-wrap elementor-element-populated\">\n\t\t\t\t\t\t<div class=\"elementor-element elementor-element-6d49399 elementor-widget elementor-widget-image\" data-id=\"6d49399\" data-element_type=\"widget\" data-widget_type=\"image.default\">\n\t\t\t\t<div class=\"elementor-widget-container\">\n\t\t\t\t\t\t\t\t\t\t\t\t\t\t\t<img fetchpriority=\"high\" decoding=\"async\" width=\"600\" height=\"600\" src=\"https:\/\/tecnicentrosanborja.com\/wp-content\/uploads\/2020\/09\/Plancha-Severin.png\" class=\"attachment-large size-large wp-image-877\" alt=\"\" srcset=\"https:\/\/tecnicentrosanborja.com\/wp-content\/uploads\/2020\/09\/Plancha-Severin.png 600w, https:\/\/tecnicentrosanborja.com\/wp-content\/uploads\/2020\/09\/Plancha-Severin-300x300.png 300w, https:\/\/tecnicentrosanborja.com\/wp-content\/uploads\/2020\/09\/Plancha-Severin-100x100.png 100w, https:\/\/tecnicentrosanborja.com\/wp-content\/uploads\/2020\/09\/Plancha-Severin-150x150.png 150w\" sizes=\"(max-width: 600px) 100vw, 600px\" \/>\t\t\t\t\t\t\t\t\t\t\t\t\t\t\t<\/div>\n\t\t\t\t<\/div>\n\t\t\t\t<div class=\"elementor-element elementor-element-0e39954 elementor-widget elementor-widget-heading\" data-id=\"0e39954\" data-element_type=\"widget\" data-widget_type=\"heading.default\">\n\t\t\t\t<div class=\"elementor-widget-container\">\n\t\t\t\t\t<h2 class=\"elementor-heading-title elementor-size-default\">MANTENIMIENTO DE PLANCHAS<\/h2>\t\t\t\t<\/div>\n\t\t\t\t<\/div>\n\t\t\t\t\t<\/div>\n\t\t<\/div>\n\t\t\t\t<div class=\"elementor-column elementor-col-33 elementor-top-column elementor-element elementor-element-997e61f\" data-id=\"997e61f\" data-element_type=\"column\">\n\t\t\t<div class=\"elementor-widget-wrap elementor-element-populated\">\n\t\t\t\t\t\t<div class=\"elementor-element elementor-element-0809453 elementor-widget elementor-widget-image\" data-id=\"0809453\" data-element_type=\"widget\" data-widget_type=\"image.default\">\n\t\t\t\t<div class=\"elementor-widget-container\">\n\t\t\t\t\t\t\t\t\t\t\t\t\t\t\t<img decoding=\"async\" width=\"600\" height=\"600\" src=\"https:\/\/tecnicentrosanborja.com\/wp-content\/uploads\/2020\/09\/Cafetera-Severin.png\" class=\"attachment-large size-large wp-image-878\" alt=\"\" srcset=\"https:\/\/tecnicentrosanborja.com\/wp-content\/uploads\/2020\/09\/Cafetera-Severin.png 600w, https:\/\/tecnicentrosanborja.com\/wp-content\/uploads\/2020\/09\/Cafetera-Severin-300x300.png 300w, https:\/\/tecnicentrosanborja.com\/wp-content\/uploads\/2020\/09\/Cafetera-Severin-100x100.png 100w, https:\/\/tecnicentrosanborja.com\/wp-content\/uploads\/2020\/09\/Cafetera-Severin-150x150.png 150w\" sizes=\"(max-width: 600px) 100vw, 600px\" \/>\t\t\t\t\t\t\t\t\t\t\t\t\t\t\t<\/div>\n\t\t\t\t<\/div>\n\t\t\t\t<div class=\"elementor-element elementor-element-d410de8 elementor-widget elementor-widget-heading\" data-id=\"d410de8\" data-element_type=\"widget\" data-widget_type=\"heading.default\">\n\t\t\t\t<div class=\"elementor-widget-container\">\n\t\t\t\t\t<h2 class=\"elementor-heading-title elementor-size-default\">MANTENIMIENTO DE CAFETERAS<\/h2>\t\t\t\t<\/div>\n\t\t\t\t<\/div>\n\t\t\t\t\t<\/div>\n\t\t<\/div>\n\t\t\t\t<div class=\"elementor-column elementor-col-33 elementor-top-column elementor-element elementor-element-3b0345c\" data-id=\"3b0345c\" data-element_type=\"column\">\n\t\t\t<div class=\"elementor-widget-wrap elementor-element-populated\">\n\t\t\t\t\t\t<div class=\"elementor-element elementor-element-f6b1763 elementor-widget elementor-widget-image\" data-id=\"f6b1763\" data-element_type=\"widget\" data-widget_type=\"image.default\">\n\t\t\t\t<div class=\"elementor-widget-container\">\n\t\t\t\t\t\t\t\t\t\t\t\t\t\t\t<img decoding=\"async\" width=\"600\" height=\"600\" src=\"https:\/\/tecnicentrosanborja.com\/wp-content\/uploads\/2020\/09\/Aspiradora-Thomas.png\" class=\"attachment-large size-large wp-image-879\" alt=\"\" srcset=\"https:\/\/tecnicentrosanborja.com\/wp-content\/uploads\/2020\/09\/Aspiradora-Thomas.png 600w, https:\/\/tecnicentrosanborja.com\/wp-content\/uploads\/2020\/09\/Aspiradora-Thomas-300x300.png 300w, https:\/\/tecnicentrosanborja.com\/wp-content\/uploads\/2020\/09\/Aspiradora-Thomas-100x100.png 100w, https:\/\/tecnicentrosanborja.com\/wp-content\/uploads\/2020\/09\/Aspiradora-Thomas-150x150.png 150w\" sizes=\"(max-width: 600px) 100vw, 600px\" \/>\t\t\t\t\t\t\t\t\t\t\t\t\t\t\t<\/div>\n\t\t\t\t<\/div>\n\t\t\t\t<div class=\"elementor-element elementor-element-4525971 elementor-widget elementor-widget-heading\" data-id=\"4525971\" data-element_type=\"widget\" data-widget_type=\"heading.default\">\n\t\t\t\t<div class=\"elementor-widget-container\">\n\t\t\t\t\t<h2 class=\"elementor-heading-title elementor-size-default\">MANTENIMIENTO DE ASPIRADORAS<\/h2>\t\t\t\t<\/div>\n\t\t\t\t<\/div>\n\t\t\t\t\t<\/div>\n\t\t<\/div>\n\t\t\t\t\t<\/div>\n\t\t<\/section>\n\t\t\t\t<section class=\"elementor-section elementor-top-section elementor-element elementor-element-7a8159a elementor-section-boxed elementor-section-height-default elementor-section-height-default\" data-id=\"7a8159a\" data-element_type=\"section\" data-settings=\"{&quot;background_background&quot;:&quot;classic&quot;}\">\n\t\t\t\t\t\t<div class=\"elementor-container elementor-column-gap-default\">\n\t\t\t\t\t<div class=\"elementor-column elementor-col-33 elementor-top-column elementor-element elementor-element-db445a9\" data-id=\"db445a9\" data-element_type=\"column\">\n\t\t\t<div class=\"elementor-widget-wrap elementor-element-populated\">\n\t\t\t\t\t\t<div class=\"elementor-element elementor-element-d41ab0e elementor-widget elementor-widget-image\" data-id=\"d41ab0e\" data-element_type=\"widget\" data-widget_type=\"image.default\">\n\t\t\t\t<div class=\"elementor-widget-container\">\n\t\t\t\t\t\t\t\t\t\t\t\t\t\t\t<img loading=\"lazy\" decoding=\"async\" width=\"600\" height=\"600\" src=\"https:\/\/tecnicentrosanborja.com\/wp-content\/uploads\/2020\/09\/Licuadora-Thomas.png\" class=\"attachment-large size-large wp-image-882\" alt=\"\" srcset=\"https:\/\/tecnicentrosanborja.com\/wp-content\/uploads\/2020\/09\/Licuadora-Thomas.png 600w, https:\/\/tecnicentrosanborja.com\/wp-content\/uploads\/2020\/09\/Licuadora-Thomas-300x300.png 300w, https:\/\/tecnicentrosanborja.com\/wp-content\/uploads\/2020\/09\/Licuadora-Thomas-100x100.png 100w, https:\/\/tecnicentrosanborja.com\/wp-content\/uploads\/2020\/09\/Licuadora-Thomas-150x150.png 150w\" sizes=\"(max-width: 600px) 100vw, 600px\" \/>\t\t\t\t\t\t\t\t\t\t\t\t\t\t\t<\/div>\n\t\t\t\t<\/div>\n\t\t\t\t<div class=\"elementor-element elementor-element-5305c6b elementor-widget elementor-widget-heading\" data-id=\"5305c6b\" data-element_type=\"widget\" data-widget_type=\"heading.default\">\n\t\t\t\t<div class=\"elementor-widget-container\">\n\t\t\t\t\t<h2 class=\"elementor-heading-title elementor-size-default\">MANTENIMIENTO DE LICUADORAS<\/h2>\t\t\t\t<\/div>\n\t\t\t\t<\/div>\n\t\t\t\t\t<\/div>\n\t\t<\/div>\n\t\t\t\t<div class=\"elementor-column elementor-col-33 elementor-top-column elementor-element elementor-element-2be2f75\" data-id=\"2be2f75\" data-element_type=\"column\">\n\t\t\t<div class=\"elementor-widget-wrap elementor-element-populated\">\n\t\t\t\t\t\t<div class=\"elementor-element elementor-element-275c9cb elementor-widget elementor-widget-image\" data-id=\"275c9cb\" data-element_type=\"widget\" data-widget_type=\"image.default\">\n\t\t\t\t<div class=\"elementor-widget-container\">\n\t\t\t\t\t\t\t\t\t\t\t\t\t\t\t<img loading=\"lazy\" decoding=\"async\" width=\"600\" height=\"600\" src=\"https:\/\/tecnicentrosanborja.com\/wp-content\/uploads\/2020\/09\/Batidora-Bosch.png\" class=\"attachment-large size-large wp-image-883\" alt=\"\" srcset=\"https:\/\/tecnicentrosanborja.com\/wp-content\/uploads\/2020\/09\/Batidora-Bosch.png 600w, https:\/\/tecnicentrosanborja.com\/wp-content\/uploads\/2020\/09\/Batidora-Bosch-300x300.png 300w, https:\/\/tecnicentrosanborja.com\/wp-content\/uploads\/2020\/09\/Batidora-Bosch-100x100.png 100w, https:\/\/tecnicentrosanborja.com\/wp-content\/uploads\/2020\/09\/Batidora-Bosch-150x150.png 150w\" sizes=\"(max-width: 600px) 100vw, 600px\" \/>\t\t\t\t\t\t\t\t\t\t\t\t\t\t\t<\/div>\n\t\t\t\t<\/div>\n\t\t\t\t<div class=\"elementor-element elementor-element-c9a2018 elementor-widget elementor-widget-heading\" data-id=\"c9a2018\" data-element_type=\"widget\" data-widget_type=\"heading.default\">\n\t\t\t\t<div class=\"elementor-widget-container\">\n\t\t\t\t\t<h2 class=\"elementor-heading-title elementor-size-default\">MANTENIMIENTO DE BATIDORAS<\/h2>\t\t\t\t<\/div>\n\t\t\t\t<\/div>\n\t\t\t\t\t<\/div>\n\t\t<\/div>\n\t\t\t\t<div class=\"elementor-column elementor-col-33 elementor-top-column elementor-element elementor-element-4eb4094\" data-id=\"4eb4094\" data-element_type=\"column\">\n\t\t\t<div class=\"elementor-widget-wrap elementor-element-populated\">\n\t\t\t\t\t\t<div class=\"elementor-element elementor-element-7ff251f elementor-widget elementor-widget-image\" data-id=\"7ff251f\" data-element_type=\"widget\" data-widget_type=\"image.default\">\n\t\t\t\t<div class=\"elementor-widget-container\">\n\t\t\t\t\t\t\t\t\t\t\t\t\t\t\t<img loading=\"lazy\" decoding=\"async\" width=\"600\" height=\"600\" src=\"https:\/\/tecnicentrosanborja.com\/wp-content\/uploads\/2020\/09\/Tostadora-Severin.png\" class=\"attachment-large size-large wp-image-884\" alt=\"\" srcset=\"https:\/\/tecnicentrosanborja.com\/wp-content\/uploads\/2020\/09\/Tostadora-Severin.png 600w, https:\/\/tecnicentrosanborja.com\/wp-content\/uploads\/2020\/09\/Tostadora-Severin-300x300.png 300w, https:\/\/tecnicentrosanborja.com\/wp-content\/uploads\/2020\/09\/Tostadora-Severin-100x100.png 100w, https:\/\/tecnicentrosanborja.com\/wp-content\/uploads\/2020\/09\/Tostadora-Severin-150x150.png 150w\" sizes=\"(max-width: 600px) 100vw, 600px\" \/>\t\t\t\t\t\t\t\t\t\t\t\t\t\t\t<\/div>\n\t\t\t\t<\/div>\n\t\t\t\t<div class=\"elementor-element elementor-element-552370c elementor-widget elementor-widget-heading\" data-id=\"552370c\" data-element_type=\"widget\" data-widget_type=\"heading.default\">\n\t\t\t\t<div class=\"elementor-widget-container\">\n\t\t\t\t\t<h2 class=\"elementor-heading-title elementor-size-default\">MANTENIMIENTO DE TOSTADORAS<\/h2>\t\t\t\t<\/div>\n\t\t\t\t<\/div>\n\t\t\t\t\t<\/div>\n\t\t<\/div>\n\t\t\t\t\t<\/div>\n\t\t<\/section>\n\t\t\t\t<\/div>\n\t\t","protected":false},"excerpt":{"rendered":"<p>MANTENIMIENTO DE PEQUE\u00d1OS ARTEFACTOS MANTENIMIENTO DE PLANCHAS MANTENIMIENTO DE CAFETERAS MANTENIMIENTO DE ASPIRADORAS MANTENIMIENTO DE LICUADORAS MANTENIMIENTO DE BATIDORAS MANTENIMIENTO DE TOSTADORAS<\/p>\n","protected":false},"author":1,"featured_media":0,"parent":0,"menu_order":0,"comment_status":"closed","ping_status":"closed","template":"","meta":{"footnotes":""},"yoast_head":"<!-- This site is optimized with the Yoast SEO plugin v24.5 - https:\/\/yoast.com\/wordpress\/plugins\/seo\/ -->\n<title>Mantenimiento de peque\u00f1os artefactos &#187; SERVICIO T\u00c9CNICO BOSCH<\/title>\n<meta name=\"robots\" content=\"index, follow, max-snippet:-1, max-image-preview:large, max-video-preview:-1\" \/>\n<link rel=\"canonical\" href=\"https:\/\/tecnicentrosanborja.com\/index.php\/mantenimiento-de-pequenos-artefactos\/\" \/>\n<meta property=\"og:locale\" content=\"es_ES\" \/>\n<meta property=\"og:type\" content=\"article\" \/>\n<meta property=\"og:title\" content=\"Mantenimiento de peque\u00f1os artefactos &#187; SERVICIO T\u00c9CNICO BOSCH\" \/>\n<meta property=\"og:description\" content=\"MANTENIMIENTO DE PEQUE\u00d1OS ARTEFACTOS MANTENIMIENTO DE PLANCHAS MANTENIMIENTO DE CAFETERAS MANTENIMIENTO DE ASPIRADORAS MANTENIMIENTO DE LICUADORAS MANTENIMIENTO DE BATIDORAS MANTENIMIENTO DE TOSTADORAS\" \/>\n<meta property=\"og:url\" content=\"https:\/\/tecnicentrosanborja.com\/index.php\/mantenimiento-de-pequenos-artefactos\/\" \/>\n<meta property=\"og:site_name\" content=\"SERVICIO T\u00c9CNICO BOSCH\" \/>\n<meta property=\"article:publisher\" content=\"https:\/\/www.facebook.com\/people\/Tecnicentro-San-Borja\/100063557529608\/\" \/>\n<meta property=\"article:modified_time\" content=\"2020-12-23T15:22:38+00:00\" \/>\n<meta property=\"og:image\" content=\"https:\/\/tecnicentrosanborja.com\/wp-content\/uploads\/2020\/09\/Plancha-Severin.png\" \/>\n<meta name=\"twitter:card\" content=\"summary_large_image\" \/>\n<script type=\"application\/ld+json\" class=\"yoast-schema-graph\">{\"@context\":\"https:\/\/schema.org\",\"@graph\":[{\"@type\":\"WebPage\",\"@id\":\"https:\/\/tecnicentrosanborja.com\/index.php\/mantenimiento-de-pequenos-artefactos\/\",\"url\":\"https:\/\/tecnicentrosanborja.com\/index.php\/mantenimiento-de-pequenos-artefactos\/\",\"name\":\"Mantenimiento de peque\u00f1os artefactos &#187; SERVICIO T\u00c9CNICO BOSCH\",\"isPartOf\":{\"@id\":\"https:\/\/tecnicentrosanborja.com\/#website\"},\"primaryImageOfPage\":{\"@id\":\"https:\/\/tecnicentrosanborja.com\/index.php\/mantenimiento-de-pequenos-artefactos\/#primaryimage\"},\"image\":{\"@id\":\"https:\/\/tecnicentrosanborja.com\/index.php\/mantenimiento-de-pequenos-artefactos\/#primaryimage\"},\"thumbnailUrl\":\"https:\/\/tecnicentrosanborja.com\/wp-content\/uploads\/2020\/09\/Plancha-Severin.png\",\"datePublished\":\"2020-12-23T00:56:18+00:00\",\"dateModified\":\"2020-12-23T15:22:38+00:00\",\"breadcrumb\":{\"@id\":\"https:\/\/tecnicentrosanborja.com\/index.php\/mantenimiento-de-pequenos-artefactos\/#breadcrumb\"},\"inLanguage\":\"es\",\"potentialAction\":[{\"@type\":\"ReadAction\",\"target\":[\"https:\/\/tecnicentrosanborja.com\/index.php\/mantenimiento-de-pequenos-artefactos\/\"]}]},{\"@type\":\"ImageObject\",\"inLanguage\":\"es\",\"@id\":\"https:\/\/tecnicentrosanborja.com\/index.php\/mantenimiento-de-pequenos-artefactos\/#primaryimage\",\"url\":\"https:\/\/tecnicentrosanborja.com\/wp-content\/uploads\/2020\/09\/Plancha-Severin.png\",\"contentUrl\":\"https:\/\/tecnicentrosanborja.com\/wp-content\/uploads\/2020\/09\/Plancha-Severin.png\",\"width\":600,\"height\":600},{\"@type\":\"BreadcrumbList\",\"@id\":\"https:\/\/tecnicentrosanborja.com\/index.php\/mantenimiento-de-pequenos-artefactos\/#breadcrumb\",\"itemListElement\":[{\"@type\":\"ListItem\",\"position\":1,\"name\":\"Portada\",\"item\":\"https:\/\/tecnicentrosanborja.com\/\"},{\"@type\":\"ListItem\",\"position\":2,\"name\":\"Mantenimiento de peque\u00f1os artefactos\"}]},{\"@type\":\"WebSite\",\"@id\":\"https:\/\/tecnicentrosanborja.com\/#website\",\"url\":\"https:\/\/tecnicentrosanborja.com\/\",\"name\":\"SERVICIO T\u00c9CNICO BOSCH\",\"description\":\"SERVICIO T\u00c9CNICO BOSCH\",\"publisher\":{\"@id\":\"https:\/\/tecnicentrosanborja.com\/#organization\"},\"alternateName\":\"BOSCH\",\"potentialAction\":[{\"@type\":\"SearchAction\",\"target\":{\"@type\":\"EntryPoint\",\"urlTemplate\":\"https:\/\/tecnicentrosanborja.com\/?s={search_term_string}\"},\"query-input\":{\"@type\":\"PropertyValueSpecification\",\"valueRequired\":true,\"valueName\":\"search_term_string\"}}],\"inLanguage\":\"es\"},{\"@type\":\"Organization\",\"@id\":\"https:\/\/tecnicentrosanborja.com\/#organization\",\"name\":\"SERVICIO T\u00c9CNICO BOSCH\",\"alternateName\":\"BOSCH\",\"url\":\"https:\/\/tecnicentrosanborja.com\/\",\"logo\":{\"@type\":\"ImageObject\",\"inLanguage\":\"es\",\"@id\":\"https:\/\/tecnicentrosanborja.com\/#\/schema\/logo\/image\/\",\"url\":\"https:\/\/tecnicentrosanborja.com\/wp-content\/uploads\/2020\/06\/cropped-Tecnicentro-San-Borja-Logotipo.png\",\"contentUrl\":\"https:\/\/tecnicentrosanborja.com\/wp-content\/uploads\/2020\/06\/cropped-Tecnicentro-San-Borja-Logotipo.png\",\"width\":729,\"height\":189,\"caption\":\"SERVICIO T\u00c9CNICO BOSCH\"},\"image\":{\"@id\":\"https:\/\/tecnicentrosanborja.com\/#\/schema\/logo\/image\/\"},\"sameAs\":[\"https:\/\/www.facebook.com\/people\/Tecnicentro-San-Borja\/100063557529608\/\"]}]}<\/script>\n<!-- \/ Yoast SEO plugin. -->","yoast_head_json":{"title":"Mantenimiento de peque\u00f1os artefactos &#187; SERVICIO T\u00c9CNICO BOSCH","robots":{"index":"index","follow":"follow","max-snippet":"max-snippet:-1","max-image-preview":"max-image-preview:large","max-video-preview":"max-video-preview:-1"},"canonical":"https:\/\/tecnicentrosanborja.com\/index.php\/mantenimiento-de-pequenos-artefactos\/","og_locale":"es_ES","og_type":"article","og_title":"Mantenimiento de peque\u00f1os artefactos &#187; SERVICIO T\u00c9CNICO BOSCH","og_description":"MANTENIMIENTO DE PEQUE\u00d1OS ARTEFACTOS MANTENIMIENTO DE PLANCHAS MANTENIMIENTO DE CAFETERAS MANTENIMIENTO DE ASPIRADORAS MANTENIMIENTO DE LICUADORAS MANTENIMIENTO DE BATIDORAS MANTENIMIENTO DE TOSTADORAS","og_url":"https:\/\/tecnicentrosanborja.com\/index.php\/mantenimiento-de-pequenos-artefactos\/","og_site_name":"SERVICIO T\u00c9CNICO BOSCH","article_publisher":"https:\/\/www.facebook.com\/people\/Tecnicentro-San-Borja\/100063557529608\/","article_modified_time":"2020-12-23T15:22:38+00:00","og_image":[{"url":"https:\/\/tecnicentrosanborja.com\/wp-content\/uploads\/2020\/09\/Plancha-Severin.png","type":"","width":"","height":""}],"twitter_card":"summary_large_image","schema":{"@context":"https:\/\/schema.org","@graph":[{"@type":"WebPage","@id":"https:\/\/tecnicentrosanborja.com\/index.php\/mantenimiento-de-pequenos-artefactos\/","url":"https:\/\/tecnicentrosanborja.com\/index.php\/mantenimiento-de-pequenos-artefactos\/","name":"Mantenimiento de peque\u00f1os artefactos &#187; SERVICIO T\u00c9CNICO BOSCH","isPartOf":{"@id":"https:\/\/tecnicentrosanborja.com\/#website"},"primaryImageOfPage":{"@id":"https:\/\/tecnicentrosanborja.com\/index.php\/mantenimiento-de-pequenos-artefactos\/#primaryimage"},"image":{"@id":"https:\/\/tecnicentrosanborja.com\/index.php\/mantenimiento-de-pequenos-artefactos\/#primaryimage"},"thumbnailUrl":"https:\/\/tecnicentrosanborja.com\/wp-content\/uploads\/2020\/09\/Plancha-Severin.png","datePublished":"2020-12-23T00:56:18+00:00","dateModified":"2020-12-23T15:22:38+00:00","breadcrumb":{"@id":"https:\/\/tecnicentrosanborja.com\/index.php\/mantenimiento-de-pequenos-artefactos\/#breadcrumb"},"inLanguage":"es","potentialAction":[{"@type":"ReadAction","target":["https:\/\/tecnicentrosanborja.com\/index.php\/mantenimiento-de-pequenos-artefactos\/"]}]},{"@type":"ImageObject","inLanguage":"es","@id":"https:\/\/tecnicentrosanborja.com\/index.php\/mantenimiento-de-pequenos-artefactos\/#primaryimage","url":"https:\/\/tecnicentrosanborja.com\/wp-content\/uploads\/2020\/09\/Plancha-Severin.png","contentUrl":"https:\/\/tecnicentrosanborja.com\/wp-content\/uploads\/2020\/09\/Plancha-Severin.png","width":600,"height":600},{"@type":"BreadcrumbList","@id":"https:\/\/tecnicentrosanborja.com\/index.php\/mantenimiento-de-pequenos-artefactos\/#breadcrumb","itemListElement":[{"@type":"ListItem","position":1,"name":"Portada","item":"https:\/\/tecnicentrosanborja.com\/"},{"@type":"ListItem","position":2,"name":"Mantenimiento de peque\u00f1os artefactos"}]},{"@type":"WebSite","@id":"https:\/\/tecnicentrosanborja.com\/#website","url":"https:\/\/tecnicentrosanborja.com\/","name":"SERVICIO T\u00c9CNICO BOSCH","description":"SERVICIO T\u00c9CNICO BOSCH","publisher":{"@id":"https:\/\/tecnicentrosanborja.com\/#organization"},"alternateName":"BOSCH","potentialAction":[{"@type":"SearchAction","target":{"@type":"EntryPoint","urlTemplate":"https:\/\/tecnicentrosanborja.com\/?s={search_term_string}"},"query-input":{"@type":"PropertyValueSpecification","valueRequired":true,"valueName":"search_term_string"}}],"inLanguage":"es"},{"@type":"Organization","@id":"https:\/\/tecnicentrosanborja.com\/#organization","name":"SERVICIO T\u00c9CNICO BOSCH","alternateName":"BOSCH","url":"https:\/\/tecnicentrosanborja.com\/","logo":{"@type":"ImageObject","inLanguage":"es","@id":"https:\/\/tecnicentrosanborja.com\/#\/schema\/logo\/image\/","url":"https:\/\/tecnicentrosanborja.com\/wp-content\/uploads\/2020\/06\/cropped-Tecnicentro-San-Borja-Logotipo.png","contentUrl":"https:\/\/tecnicentrosanborja.com\/wp-content\/uploads\/2020\/06\/cropped-Tecnicentro-San-Borja-Logotipo.png","width":729,"height":189,"caption":"SERVICIO T\u00c9CNICO BOSCH"},"image":{"@id":"https:\/\/tecnicentrosanborja.com\/#\/schema\/logo\/image\/"},"sameAs":["https:\/\/www.facebook.com\/people\/Tecnicentro-San-Borja\/100063557529608\/"]}]}},"_links":{"self":[{"href":"https:\/\/tecnicentrosanborja.com\/index.php\/wp-json\/wp\/v2\/pages\/943"}],"collection":[{"href":"https:\/\/tecnicentrosanborja.com\/index.php\/wp-json\/wp\/v2\/pages"}],"about":[{"href":"https:\/\/tecnicentrosanborja.com\/index.php\/wp-json\/wp\/v2\/types\/page"}],"author":[{"embeddable":true,"href":"https:\/\/tecnicentrosanborja.com\/index.php\/wp-json\/wp\/v2\/users\/1"}],"replies":[{"embeddable":true,"href":"https:\/\/tecnicentrosanborja.com\/index.php\/wp-json\/wp\/v2\/comments?post=943"}],"version-history":[{"count":3,"href":"https:\/\/tecnicentrosanborja.com\/index.php\/wp-json\/wp\/v2\/pages\/943\/revisions"}],"predecessor-version":[{"id":955,"href":"https:\/\/tecnicentrosanborja.com\/index.php\/wp-json\/wp\/v2\/pages\/943\/revisions\/955"}],"wp:attachment":[{"href":"https:\/\/tecnicentrosanborja.com\/index.php\/wp-json\/wp\/v2\/media?parent=943"}],"curies":[{"name":"wp","href":"https:\/\/api.w.org\/{rel}","templated":true}]}}